{"id":3367,"date":"2024-06-29T09:51:14","date_gmt":"2024-06-29T09:51:14","guid":{"rendered":"https:\/\/grifohotel.it\/?page_id=3367"},"modified":"2026-02-25T11:05:09","modified_gmt":"2026-02-25T11:05:09","slug":"transfer-ischia-porto","status":"publish","type":"page","link":"https:\/\/grifohotel.it\/fr\/transfer-ischia-porto\/","title":{"rendered":"Transfer Ischia Porto"},"content":{"rendered":"\t\t<div data-elementor-type=\"wp-page\" data-elementor-id=\"3367\" class=\"elementor elementor-3367 elementor-539\" data-elementor-post-type=\"page\">\n\t\t\t\t<div class=\"elementor-element elementor-element-2294110 e-con-full e-flex e-con e-parent\" data-id=\"2294110\" data-element_type=\"container\" data-e-type=\"container\" data-settings=\"{&quot;background_background&quot;:&quot;classic&quot;}\">\n\t\t\t\t<div class=\"elementor-element elementor-element-a063b5a elementor--h-position-center elementor--v-position-middle elementor-widget elementor-widget-slides\" data-id=\"a063b5a\" data-element_type=\"widget\" data-e-type=\"widget\" data-settings=\"{&quot;navigation&quot;:&quot;none&quot;,&quot;transition&quot;:&quot;fade&quot;,&quot;autoplay&quot;:&quot;yes&quot;,&quot;pause_on_hover&quot;:&quot;yes&quot;,&quot;pause_on_interaction&quot;:&quot;yes&quot;,&quot;autoplay_speed&quot;:5000,&quot;infinite&quot;:&quot;yes&quot;,&quot;transition_speed&quot;:500}\" data-widget_type=\"slides.default\">\n\t\t\t\t\t\t\t\t\t\t<div class=\"elementor-slides-wrapper elementor-main-swiper swiper\" role=\"region\" aria-roledescription=\"carousel\" aria-label=\"Slides\" dir=\"ltr\" data-animation=\"\">\n\t\t\t\t<div class=\"swiper-wrapper elementor-slides\">\n\t\t\t\t\t\t\t\t\t\t<div class=\"elementor-repeater-item-7692f66 swiper-slide\" role=\"group\" aria-roledescription=\"slide\"><div class=\"swiper-slide-bg elementor-ken-burns elementor-ken-burns--in\" role=\"img\" aria-label=\"DJI_0849AA2025\"><\/div><div class=\"elementor-background-overlay\"><\/div><div class=\"swiper-slide-inner\" ><div class=\"swiper-slide-contents\"><div class=\"elementor-slide-heading\">Navette et Transfert<\/div><\/div><\/div><\/div>\t\t\t\t<\/div>\n\t\t\t\t\t\t\t<\/div>\n\t\t\t\t\t\t\t\t<\/div>\n\t\t\t\t<\/div>\n\t\t<div class=\"elementor-element elementor-element-f9f2ded e-flex e-con-boxed e-con e-parent\" data-id=\"f9f2ded\" data-element_type=\"container\" data-e-type=\"container\" data-settings=\"{&quot;shape_divider_top&quot;:&quot;tilt&quot;}\">\n\t\t\t\t\t<div class=\"e-con-inner\">\n\t\t\t\t<div class=\"elementor-shape elementor-shape-top\" aria-hidden=\"true\" data-negative=\"false\">\n\t\t\t<svg xmlns=\"http:\/\/www.w3.org\/2000\/svg\" viewBox=\"0 0 1000 100\" preserveAspectRatio=\"none\">\n\t<path class=\"elementor-shape-fill\" d=\"M0,6V0h1000v100L0,6z\"\/>\n<\/svg>\t\t<\/div>\n\t\t\t\t<div class=\"elementor-element elementor-element-0c8cfaa elementor-widget elementor-widget-heading\" data-id=\"0c8cfaa\" data-element_type=\"widget\" data-e-type=\"widget\" data-widget_type=\"heading.default\">\n\t\t\t\t\t<h2 class=\"elementor-heading-title elementor-size-default\">Service de Navette et Transfert<\/h2>\t\t\t\t<\/div>\n\t\t\t\t<div class=\"elementor-element elementor-element-72ce1e6 elementor-widget elementor-widget-heading\" data-id=\"72ce1e6\" data-element_type=\"widget\" data-e-type=\"widget\" data-widget_type=\"heading.default\">\n\t\t\t\t\t<h2 class=\"elementor-heading-title elementor-size-default\">Pour rendre votre arriv\u00e9e encore plus confortable, le Grifo Hotel propose un service de navette depuis et vers le centre et le port, \u00e0 des horaires pr\u00e9\u00e9tablis.<\/h2>\t\t\t\t<\/div>\n\t\t\t\t\t<\/div>\n\t\t\t\t<\/div>\n\t\t<div class=\"elementor-element elementor-element-66037da e-flex e-con-boxed e-con e-parent\" data-id=\"66037da\" data-element_type=\"container\" data-e-type=\"container\">\n\t\t\t\t\t<div class=\"e-con-inner\">\n\t\t<div class=\"elementor-element elementor-element-a3d4de7 e-con-full elementor-hidden-tablet elementor-hidden-mobile e-flex e-con e-child\" data-id=\"a3d4de7\" data-element_type=\"container\" data-e-type=\"container\">\n\t\t\t\t<div class=\"elementor-element elementor-element-9501d3c elementor--h-position-center elementor--v-position-middle elementor-arrows-position-inside elementor-widget elementor-widget-slides\" data-id=\"9501d3c\" data-element_type=\"widget\" data-e-type=\"widget\" data-settings=\"{&quot;navigation&quot;:&quot;arrows&quot;,&quot;autoplay&quot;:&quot;yes&quot;,&quot;autoplay_speed&quot;:5000,&quot;infinite&quot;:&quot;yes&quot;,&quot;transition&quot;:&quot;slide&quot;,&quot;transition_speed&quot;:500}\" data-widget_type=\"slides.default\">\n\t\t\t\t\t\t\t\t\t\t<div class=\"elementor-slides-wrapper elementor-main-swiper swiper\" role=\"region\" aria-roledescription=\"carousel\" aria-label=\"Slides\" dir=\"ltr\" data-animation=\"fadeInUp\">\n\t\t\t\t<div class=\"swiper-wrapper elementor-slides\">\n\t\t\t\t\t\t\t\t\t\t<div class=\"elementor-repeater-item-8efd1d8 swiper-slide\" role=\"group\" aria-roledescription=\"slide\"><div class=\"swiper-slide-bg\" role=\"img\" aria-label=\"imgi_12_NAVETTA\"><\/div><div class=\"swiper-slide-inner\" ><div class=\"swiper-slide-contents\"><\/div><\/div><\/div><div class=\"elementor-repeater-item-a08ee63 swiper-slide\" role=\"group\" aria-roledescription=\"slide\"><div class=\"swiper-slide-bg\" role=\"img\" aria-label=\"DJI_0833AA2025\"><\/div><div class=\"swiper-slide-inner\" ><div class=\"swiper-slide-contents\"><\/div><\/div><\/div>\t\t\t\t<\/div>\n\t\t\t\t\t\t\t\t\t\t\t\t\t\t\t<div class=\"elementor-swiper-button elementor-swiper-button-prev\" role=\"button\" tabindex=\"0\" aria-label=\"Diapositive pr\u00e9c\u00e9dente\">\n\t\t\t\t\t\t\t<svg aria-hidden=\"true\" class=\"e-font-icon-svg e-eicon-chevron-left\" viewBox=\"0 0 1000 1000\" xmlns=\"http:\/\/www.w3.org\/2000\/svg\"><path d=\"M646 125C629 125 613 133 604 142L308 442C296 454 292 471 292 487 292 504 296 521 308 533L604 854C617 867 629 875 646 875 663 875 679 871 692 858 704 846 713 829 713 812 713 796 708 779 692 767L438 487 692 225C700 217 708 204 708 187 708 171 704 154 692 142 675 129 663 125 646 125Z\"><\/path><\/svg>\t\t\t\t\t\t<\/div>\n\t\t\t\t\t\t<div class=\"elementor-swiper-button elementor-swiper-button-next\" role=\"button\" tabindex=\"0\" aria-label=\"Diapositive suivante\">\n\t\t\t\t\t\t\t<svg aria-hidden=\"true\" class=\"e-font-icon-svg e-eicon-chevron-right\" viewBox=\"0 0 1000 1000\" xmlns=\"http:\/\/www.w3.org\/2000\/svg\"><path d=\"M696 533C708 521 713 504 713 487 713 471 708 454 696 446L400 146C388 133 375 125 354 125 338 125 325 129 313 142 300 154 292 171 292 187 292 204 296 221 308 233L563 492 304 771C292 783 288 800 288 817 288 833 296 850 308 863 321 871 338 875 354 875 371 875 388 867 400 854L696 533Z\"><\/path><\/svg>\t\t\t\t\t\t<\/div>\n\t\t\t\t\t\t\t\t\t\t\t\t\t\t\t\t\t<\/div>\n\t\t\t\t\t\t\t\t<\/div>\n\t\t\t\t<\/div>\n\t\t<div class=\"elementor-element elementor-element-af3e227 e-con-full e-flex e-con e-child\" data-id=\"af3e227\" data-element_type=\"container\" data-e-type=\"container\">\n\t\t\t\t<div class=\"elementor-element elementor-element-b6c0a9b elementor-widget elementor-widget-text-editor\" data-id=\"b6c0a9b\" data-element_type=\"widget\" data-e-type=\"widget\" data-widget_type=\"text-editor.default\">\n\t\t\t\t\t\t\t\t\t<table style=\"width: 100%; max-width: 800px; border-collapse: collapse; font-family: sans-serif; margin-left: auto; margin-right: auto; border: 1px solid #dddddd; border-radius: 8px; overflow: hidden;\"><thead><tr style=\"background-color: #011640; color: white;\"><th style=\"padding: 15px; text-align: center; border: 1px solid #011640;\" colspan=\"4\"><span style=\"font-size: 18px;\">SERVICE DE NAVETTE GRIFO HOTEL<\/span><br \/><span style=\"font-size: 14px; font-weight: normal;\">T\u00e9l : 081 980182<\/span><\/th><\/tr><tr style=\"background-color: #f2f2f2; color: #011640;\"><th style=\"padding: 10px; border: 1px solid #dddddd; text-align: center;\" colspan=\"2\">TRAJETS ALLER<\/th><th style=\"padding: 10px; border: 1px solid #dddddd; text-align: center;\" colspan=\"2\">TRAJETS RETOUR<\/th><\/tr><\/thead><tbody><tr style=\"background-color: #011640; color: white; font-weight: bold;\"><td style=\"padding: 8px; text-align: center; border: 1px solid #011640;\" colspan=\"4\">MATIN<\/td><\/tr><tr><td style=\"padding: 10px; border: 1px solid #dddddd; text-align: center;\"><strong>09:30<\/strong><\/td><td style=\"padding: 10px; border: 1px solid #dddddd; text-align: center;\">Centre &#8211; Ischia<\/td><td style=\"padding: 10px; border: 1px solid #dddddd; text-align: center;\"><strong>09:45<\/strong><\/td><td style=\"padding: 10px; border: 1px solid #dddddd; text-align: center;\">Centre &#8211; Ischia<\/td><\/tr><tr><td style=\"padding: 10px; border: 1px solid #dddddd; text-align: center;\"><strong>10:30<\/strong><\/td><td style=\"padding: 10px; border: 1px solid #dddddd; text-align: center;\">Centre &#8211; Ischia<\/td><td style=\"padding: 10px; border: 1px solid #dddddd; text-align: center;\"><strong>10:45<\/strong><\/td><td style=\"padding: 10px; border: 1px solid #dddddd; text-align: center;\">Centre &#8211; Ischia<\/td><\/tr><tr><td style=\"padding: 10px; border: 1px solid #dddddd; text-align: center;\"><strong>11:30<\/strong><\/td><td style=\"padding: 10px; border: 1px solid #dddddd; text-align: center;\">Centre &#8211; Ischia<\/td><td style=\"padding: 10px; border: 1px solid #dddddd; text-align: center;\"><strong>11:45<\/strong><\/td><td style=\"padding: 10px; border: 1px solid #dddddd; text-align: center;\">Centre &#8211; Ischia<\/td><\/tr><tr style=\"background-color: #011640; color: white; font-weight: bold;\"><td style=\"padding: 8px; text-align: center; border: 1px solid #011640;\" colspan=\"4\">APR\u00c8S-MIDI \/ SOIR<\/td><\/tr><tr><td style=\"padding: 10px; border: 1px solid #dddddd; text-align: center;\"><strong>17:00<\/strong><\/td><td style=\"padding: 10px; border: 1px solid #dddddd; text-align: center;\">Centre &#8211; Ischia<\/td><td style=\"padding: 10px; border: 1px solid #dddddd; text-align: center;\"><strong>17:15<\/strong><\/td><td style=\"padding: 10px; border: 1px solid #dddddd; text-align: center;\">Centre &#8211; Ischia<\/td><\/tr><tr><td style=\"padding: 10px; border: 1px solid #dddddd; text-align: center;\"><strong>18:30<\/strong><\/td><td style=\"padding: 10px; border: 1px solid #dddddd; text-align: center;\">Centre &#8211; Ischia<\/td><td style=\"padding: 10px; border: 1px solid #dddddd; text-align: center;\"><strong>18:45<\/strong><\/td><td style=\"padding: 10px; border: 1px solid #dddddd; text-align: center;\">Centre &#8211; Ischia<\/td><\/tr><tr><td style=\"padding: 10px; border: 1px solid #dddddd; text-align: center;\"><strong>20:00<\/strong><\/td><td style=\"padding: 10px; border: 1px solid #dddddd; text-align: center;\">Centre &#8211; Ischia<\/td><td style=\"padding: 10px; border: 1px solid #dddddd; text-align: center;\"><strong>20:15<\/strong><\/td><td style=\"padding: 10px; border: 1px solid #dddddd; text-align: center;\">Centre &#8211; Ischia<\/td><\/tr><tr><td style=\"padding: 10px; border: 1px solid #dddddd; text-align: center;\"><strong>21:30<\/strong><\/td><td style=\"padding: 10px; border: 1px solid #dddddd; text-align: center;\">Centre &#8211; Ischia<\/td><td style=\"padding: 10px; border: 1px solid #dddddd; text-align: center;\"><strong>21:45<\/strong><\/td><td style=\"padding: 10px; border: 1px solid #dddddd; text-align: center;\">Centre &#8211; Ischia<\/td><\/tr><tr><td style=\"padding: 10px; border: 1px solid #dddddd; text-align: center;\"><strong>22:30<\/strong><\/td><td style=\"padding: 10px; border: 1px solid #dddddd; text-align: center;\">Centre &#8211; Ischia<\/td><td style=\"padding: 10px; border: 1px solid #dddddd; text-align: center;\"><strong>22:45<\/strong><\/td><td style=\"padding: 10px; border: 1px solid #dddddd; text-align: center;\">Centre &#8211; Ischia<\/td><\/tr><\/tbody><tfoot><tr style=\"background-color: #f9f9f9;\"><td style=\"padding: 15px; text-align: center; font-style: italic; font-size: 13px; color: #555;\" colspan=\"4\"><strong>Les trajets de retour sont effectu\u00e9s sur simple appel \u00e0 l&rsquo;h\u00f4tel au num\u00e9ro : 081 980182<\/strong><\/td><\/tr><\/tfoot><\/table>\t\t\t\t\t\t\t\t<\/div>\n\t\t\t\t<\/div>\n\t\t\t\t\t<\/div>\n\t\t\t\t<\/div>\n\t\t<div class=\"elementor-element elementor-element-e8768a9 e-flex e-con-boxed e-con e-parent\" data-id=\"e8768a9\" data-element_type=\"container\" data-e-type=\"container\">\n\t\t\t\t\t<div class=\"e-con-inner\">\n\t\t\t\t<div class=\"elementor-element elementor-element-d0cf7af elementor-widget elementor-widget-text-editor\" data-id=\"d0cf7af\" data-element_type=\"widget\" data-e-type=\"widget\" data-widget_type=\"text-editor.default\">\n\t\t\t\t\t\t\t\t\t<h3 data-path-to-node=\"1\">\u00a0<\/h3><p style=\"text-align: left;\"><b data-path-to-node=\"9,0\" data-index-in-node=\"0\">Comment rejoindre l&rsquo;\u00eele<\/b><\/p><ul data-path-to-node=\"2\"><li><p data-path-to-node=\"2,0,0\"><b data-path-to-node=\"9,1,0,0\" data-index-in-node=\"0\">En Train :<\/b> Arriv\u00e9e \u00e0 la gare de Napoli Centrale ou Napoli Mergellina. De l\u00e0, rejoignez les embarcad\u00e8res du <b data-path-to-node=\"9,1,0,0\" data-index-in-node=\"107\">Molo Beverello<\/b> (hydroglisseurs) ou <b data-path-to-node=\"9,1,0,0\" data-index-in-node=\"142\">Calata Porta di Massa<\/b> (ferries) en taxi ou en m\u00e9tro.<\/p><\/li><li><p data-path-to-node=\"2,1,0\"><b data-path-to-node=\"9,1,1,0\" data-index-in-node=\"0\">En Avion :<\/b> Depuis l&rsquo;a\u00e9roport de Napoli Capodichino, prenez l&rsquo;<b data-path-to-node=\"9,1,1,0\" data-index-in-node=\"61\">Alibus<\/b> qui vous conduira directement aux embarcad\u00e8res du port de Naples en 20 \u00e0 30 minutes environ.<\/p><\/li><li><p data-path-to-node=\"2,2,0\"><b data-path-to-node=\"9,1,2,0\" data-index-in-node=\"0\">En Voiture :<\/b> Rejoignez le port de Naples (<b data-path-to-node=\"9,1,2,0\" data-index-in-node=\"42\">Porta di Massa<\/b>) ou, plus confortablement, le port de <b data-path-to-node=\"9,1,2,0\" data-index-in-node=\"95\">Pouzzoles<\/b> (<i data-path-to-node=\"9,1,2,0\" data-index-in-node=\"106\">Pozzuoli<\/i>, l&rsquo;escale la plus proche de l&rsquo;\u00eele et souvent plus \u00e9conomique pour l&#8217;embarquement des voitures) et prenez un ferry pour <b data-path-to-node=\"9,1,2,0\" data-index-in-node=\"234\">Ischia Porto<\/b> ou <b data-path-to-node=\"9,1,2,0\" data-index-in-node=\"250\">Casamicciola<\/b>.<\/p><\/li><\/ul><hr data-path-to-node=\"3\" \/><p data-path-to-node=\"4\"><b data-path-to-node=\"9,2\" data-index-in-node=\"0\">Conseil pour nos h\u00f4tes :<\/b> Une fois d\u00e9barqu\u00e9s \u00e0 Ischia, n&rsquo;oubliez pas que le port de <b data-path-to-node=\"9,2\" data-index-in-node=\"83\">Casamicciola Terme<\/b> est le plus proche du Grifo Hotel.<\/p>\t\t\t\t\t\t\t\t<\/div>\n\t\t\t\t\t<\/div>\n\t\t\t\t<\/div>\n\t\t<div class=\"elementor-element elementor-element-f3702b9 e-flex e-con-boxed e-con e-parent\" data-id=\"f3702b9\" data-element_type=\"container\" data-e-type=\"container\">\n\t\t\t\t\t<div class=\"e-con-inner\">\n\t\t\t\t\t<\/div>\n\t\t\t\t<\/div>\n\t\t\t\t<\/div>\n\t\t","protected":false},"excerpt":{"rendered":"<p>Navette et Transfert Service de Navette et Transfert Pour rendre votre arriv\u00e9e encore plus confortable, le Grifo Hotel propose un service de navette depuis et vers le centre et le port, \u00e0 des horaires pr\u00e9\u00e9tablis. SERVICE DE NAVETTE GRIFO HOTELT\u00e9l : 081 980182 TRAJETS ALLER TRAJETS RETOUR MATIN 09:30 Centre &#8211; Ischia 09:45 Centre &#8211; [&hellip;]<\/p>\n","protected":false},"author":2,"featured_media":0,"parent":0,"menu_order":0,"comment_status":"closed","ping_status":"closed","template":"","meta":{"footnotes":""},"categories":[],"tags":[],"class_list":["post-3367","page","type-page","status-publish","hentry"],"yoast_head":"<!-- This site is optimized with the Yoast SEO plugin v26.9 - https:\/\/yoast.com\/product\/yoast-seo-wordpress\/ -->\n<title>Transfer Ischia Porto - Grifo Hotel<\/title>\n<meta name=\"robots\" content=\"index, follow, max-snippet:-1, max-image-preview:large, max-video-preview:-1\" \/>\n<link rel=\"canonical\" href=\"https:\/\/grifohotel.it\/transfer-ischia-porto\/\" \/>\n<meta property=\"og:locale\" content=\"fr_FR\" \/>\n<meta property=\"og:type\" content=\"article\" \/>\n<meta property=\"og:title\" content=\"Transfer Ischia Porto - Grifo Hotel\" \/>\n<meta property=\"og:description\" content=\"Navette et Transfert Service de Navette et Transfert Pour rendre votre arriv\u00e9e encore plus confortable, le Grifo Hotel propose un service de navette depuis et vers le centre et le port, \u00e0 des horaires pr\u00e9\u00e9tablis. SERVICE DE NAVETTE GRIFO HOTELT\u00e9l : 081 980182 TRAJETS ALLER TRAJETS RETOUR MATIN 09:30 Centre &#8211; Ischia 09:45 Centre &#8211; [&hellip;]\" \/>\n<meta property=\"og:url\" content=\"https:\/\/grifohotel.it\/transfer-ischia-porto\/\" \/>\n<meta property=\"og:site_name\" content=\"Grifo Hotel\" \/>\n<meta property=\"article:modified_time\" content=\"2026-02-25T11:05:09+00:00\" \/>\n<meta name=\"twitter:card\" content=\"summary_large_image\" \/>\n<meta name=\"twitter:label1\" content=\"Dur\u00e9e de lecture estim\u00e9e\" \/>\n\t<meta name=\"twitter:data1\" content=\"1 minute\" \/>\n<script type=\"application\/ld+json\" class=\"yoast-schema-graph\">{\"@context\":\"https:\/\/schema.org\",\"@graph\":[{\"@type\":\"WebPage\",\"@id\":\"https:\/\/grifohotel.it\/transfer-ischia-porto\/\",\"url\":\"https:\/\/grifohotel.it\/transfer-ischia-porto\/\",\"name\":\"Transfer Ischia Porto - Grifo Hotel\",\"isPartOf\":{\"@id\":\"https:\/\/grifohotel.it\/#website\"},\"datePublished\":\"2024-06-29T09:51:14+00:00\",\"dateModified\":\"2026-02-25T11:05:09+00:00\",\"breadcrumb\":{\"@id\":\"https:\/\/grifohotel.it\/transfer-ischia-porto\/#breadcrumb\"},\"inLanguage\":\"fr-FR\",\"potentialAction\":[{\"@type\":\"ReadAction\",\"target\":[\"https:\/\/grifohotel.it\/transfer-ischia-porto\/\"]}]},{\"@type\":\"BreadcrumbList\",\"@id\":\"https:\/\/grifohotel.it\/transfer-ischia-porto\/#breadcrumb\",\"itemListElement\":[{\"@type\":\"ListItem\",\"position\":1,\"name\":\"Home\",\"item\":\"https:\/\/grifohotel.it\/en\/\"},{\"@type\":\"ListItem\",\"position\":2,\"name\":\"Transfer Ischia Porto\"}]},{\"@type\":\"WebSite\",\"@id\":\"https:\/\/grifohotel.it\/#website\",\"url\":\"https:\/\/grifohotel.it\/\",\"name\":\"Grifo Hotel\",\"description\":\"Hotel 4 Stelle Ischia Terme &amp; Spa\",\"publisher\":{\"@id\":\"https:\/\/grifohotel.it\/#organization\"},\"potentialAction\":[{\"@type\":\"SearchAction\",\"target\":{\"@type\":\"EntryPoint\",\"urlTemplate\":\"https:\/\/grifohotel.it\/?s={search_term_string}\"},\"query-input\":{\"@type\":\"PropertyValueSpecification\",\"valueRequired\":true,\"valueName\":\"search_term_string\"}}],\"inLanguage\":\"fr-FR\"},{\"@type\":\"Organization\",\"@id\":\"https:\/\/grifohotel.it\/#organization\",\"name\":\"Grifo Hotel\",\"url\":\"https:\/\/grifohotel.it\/\",\"logo\":{\"@type\":\"ImageObject\",\"inLanguage\":\"fr-FR\",\"@id\":\"https:\/\/grifohotel.it\/#\/schema\/logo\/image\/\",\"url\":\"https:\/\/grifohotel.it\/wp-content\/uploads\/2026\/01\/logo.png\",\"contentUrl\":\"https:\/\/grifohotel.it\/wp-content\/uploads\/2026\/01\/logo.png\",\"width\":464,\"height\":104,\"caption\":\"Grifo Hotel\"},\"image\":{\"@id\":\"https:\/\/grifohotel.it\/#\/schema\/logo\/image\/\"}}]}<\/script>\n<!-- \/ Yoast SEO plugin. -->","yoast_head_json":{"title":"Transfer Ischia Porto - Grifo Hotel","robots":{"index":"index","follow":"follow","max-snippet":"max-snippet:-1","max-image-preview":"max-image-preview:large","max-video-preview":"max-video-preview:-1"},"canonical":"https:\/\/grifohotel.it\/transfer-ischia-porto\/","og_locale":"fr_FR","og_type":"article","og_title":"Transfer Ischia Porto - Grifo Hotel","og_description":"Navette et Transfert Service de Navette et Transfert Pour rendre votre arriv\u00e9e encore plus confortable, le Grifo Hotel propose un service de navette depuis et vers le centre et le port, \u00e0 des horaires pr\u00e9\u00e9tablis. SERVICE DE NAVETTE GRIFO HOTELT\u00e9l : 081 980182 TRAJETS ALLER TRAJETS RETOUR MATIN 09:30 Centre &#8211; Ischia 09:45 Centre &#8211; [&hellip;]","og_url":"https:\/\/grifohotel.it\/transfer-ischia-porto\/","og_site_name":"Grifo Hotel","article_modified_time":"2026-02-25T11:05:09+00:00","twitter_card":"summary_large_image","twitter_misc":{"Dur\u00e9e de lecture estim\u00e9e":"1 minute"},"schema":{"@context":"https:\/\/schema.org","@graph":[{"@type":"WebPage","@id":"https:\/\/grifohotel.it\/transfer-ischia-porto\/","url":"https:\/\/grifohotel.it\/transfer-ischia-porto\/","name":"Transfer Ischia Porto - Grifo Hotel","isPartOf":{"@id":"https:\/\/grifohotel.it\/#website"},"datePublished":"2024-06-29T09:51:14+00:00","dateModified":"2026-02-25T11:05:09+00:00","breadcrumb":{"@id":"https:\/\/grifohotel.it\/transfer-ischia-porto\/#breadcrumb"},"inLanguage":"fr-FR","potentialAction":[{"@type":"ReadAction","target":["https:\/\/grifohotel.it\/transfer-ischia-porto\/"]}]},{"@type":"BreadcrumbList","@id":"https:\/\/grifohotel.it\/transfer-ischia-porto\/#breadcrumb","itemListElement":[{"@type":"ListItem","position":1,"name":"Home","item":"https:\/\/grifohotel.it\/en\/"},{"@type":"ListItem","position":2,"name":"Transfer Ischia Porto"}]},{"@type":"WebSite","@id":"https:\/\/grifohotel.it\/#website","url":"https:\/\/grifohotel.it\/","name":"Grifo Hotel","description":"Hotel 4 Stelle Ischia Terme &amp; Spa","publisher":{"@id":"https:\/\/grifohotel.it\/#organization"},"potentialAction":[{"@type":"SearchAction","target":{"@type":"EntryPoint","urlTemplate":"https:\/\/grifohotel.it\/?s={search_term_string}"},"query-input":{"@type":"PropertyValueSpecification","valueRequired":true,"valueName":"search_term_string"}}],"inLanguage":"fr-FR"},{"@type":"Organization","@id":"https:\/\/grifohotel.it\/#organization","name":"Grifo Hotel","url":"https:\/\/grifohotel.it\/","logo":{"@type":"ImageObject","inLanguage":"fr-FR","@id":"https:\/\/grifohotel.it\/#\/schema\/logo\/image\/","url":"https:\/\/grifohotel.it\/wp-content\/uploads\/2026\/01\/logo.png","contentUrl":"https:\/\/grifohotel.it\/wp-content\/uploads\/2026\/01\/logo.png","width":464,"height":104,"caption":"Grifo Hotel"},"image":{"@id":"https:\/\/grifohotel.it\/#\/schema\/logo\/image\/"}}]}},"_links":{"self":[{"href":"https:\/\/grifohotel.it\/fr\/wp-json\/wp\/v2\/pages\/3367","targetHints":{"allow":["GET"]}}],"collection":[{"href":"https:\/\/grifohotel.it\/fr\/wp-json\/wp\/v2\/pages"}],"about":[{"href":"https:\/\/grifohotel.it\/fr\/wp-json\/wp\/v2\/types\/page"}],"author":[{"embeddable":true,"href":"https:\/\/grifohotel.it\/fr\/wp-json\/wp\/v2\/users\/2"}],"replies":[{"embeddable":true,"href":"https:\/\/grifohotel.it\/fr\/wp-json\/wp\/v2\/comments?post=3367"}],"version-history":[{"count":17,"href":"https:\/\/grifohotel.it\/fr\/wp-json\/wp\/v2\/pages\/3367\/revisions"}],"predecessor-version":[{"id":3697,"href":"https:\/\/grifohotel.it\/fr\/wp-json\/wp\/v2\/pages\/3367\/revisions\/3697"}],"wp:attachment":[{"href":"https:\/\/grifohotel.it\/fr\/wp-json\/wp\/v2\/media?parent=3367"}],"wp:term":[{"taxonomy":"category","embeddable":true,"href":"https:\/\/grifohotel.it\/fr\/wp-json\/wp\/v2\/categories?post=3367"},{"taxonomy":"post_tag","embeddable":true,"href":"https:\/\/grifohotel.it\/fr\/wp-json\/wp\/v2\/tags?post=3367"}],"curies":[{"name":"wp","href":"https:\/\/api.w.org\/{rel}","templated":true}]}}