{"id":3363,"date":"2026-01-28T10:46:08","date_gmt":"2026-01-28T10:46:08","guid":{"rendered":"https:\/\/grifohotel.it\/?page_id=3363"},"modified":"2026-02-24T16:35:54","modified_gmt":"2026-02-24T16:35:54","slug":"forfaits-bien-etre-ischia","status":"publish","type":"page","link":"https:\/\/grifohotel.it\/fr\/forfaits-bien-etre-ischia\/","title":{"rendered":"Forfaits Bien-\u00eatre"},"content":{"rendered":"\t\t<div data-elementor-type=\"wp-page\" data-elementor-id=\"3363\" class=\"elementor elementor-3363 elementor-1679\" data-elementor-post-type=\"page\">\n\t\t\t\t<div class=\"elementor-element elementor-element-88404e7 e-con-full e-flex e-con e-parent\" data-id=\"88404e7\" data-element_type=\"container\" data-e-type=\"container\" data-settings=\"{&quot;background_background&quot;:&quot;classic&quot;}\">\n\t\t\t\t<div class=\"elementor-element elementor-element-eaa684f elementor--h-position-center elementor--v-position-middle elementor-arrows-position-inside elementor-pagination-position-inside elementor-widget elementor-widget-slides\" data-id=\"eaa684f\" data-element_type=\"widget\" data-e-type=\"widget\" data-settings=\"{&quot;navigation&quot;:&quot;both&quot;,&quot;transition&quot;:&quot;slide&quot;,&quot;transition_speed&quot;:500}\" data-widget_type=\"slides.default\">\n\t\t\t\t\t\t\t\t\t\t<div class=\"elementor-slides-wrapper elementor-main-swiper swiper\" role=\"region\" aria-roledescription=\"carousel\" aria-label=\"Slides\" dir=\"ltr\" data-animation=\"fadeInUp\">\n\t\t\t\t<div class=\"swiper-wrapper elementor-slides\">\n\t\t\t\t\t\t\t\t\t\t<div class=\"elementor-repeater-item-ffed541 swiper-slide\" role=\"group\" aria-roledescription=\"slide\"><div class=\"swiper-slide-bg elementor-ken-burns elementor-ken-burns--in\" role=\"img\" aria-label=\"imgi_6_17_Grifo-006\"><\/div><div class=\"swiper-slide-inner\" ><div class=\"swiper-slide-contents\"><div class=\"elementor-slide-heading\">Forfaits Bien-\u00eatre<\/div><\/div><\/div><\/div>\t\t\t\t<\/div>\n\t\t\t\t\t\t\t<\/div>\n\t\t\t\t\t\t\t\t<\/div>\n\t\t\t\t<\/div>\n\t\t<div class=\"elementor-element elementor-element-6471a23 e-flex e-con-boxed e-con e-parent\" data-id=\"6471a23\" data-element_type=\"container\" data-e-type=\"container\" data-settings=\"{&quot;shape_divider_top&quot;:&quot;tilt&quot;}\">\n\t\t\t\t\t<div class=\"e-con-inner\">\n\t\t\t\t<div class=\"elementor-shape elementor-shape-top\" aria-hidden=\"true\" data-negative=\"false\">\n\t\t\t<svg xmlns=\"http:\/\/www.w3.org\/2000\/svg\" viewBox=\"0 0 1000 100\" preserveAspectRatio=\"none\">\n\t<path class=\"elementor-shape-fill\" d=\"M0,6V0h1000v100L0,6z\"\/>\n<\/svg>\t\t<\/div>\n\t\t\t\t<div class=\"elementor-element elementor-element-146accb elementor-invisible elementor-widget elementor-widget-heading\" data-id=\"146accb\" data-element_type=\"widget\" data-e-type=\"widget\" data-settings=\"{&quot;_animation&quot;:&quot;fadeInDown&quot;}\" data-widget_type=\"heading.default\">\n\t\t\t\t\t<h1 class=\"elementor-heading-title elementor-size-default\">Forfaits Bien-\u00eatre<\/h1>\t\t\t\t<\/div>\n\t\t\t\t\t<\/div>\n\t\t\t\t<\/div>\n\t\t<div class=\"elementor-element elementor-element-cde0905 e-flex e-con-boxed e-con e-parent\" data-id=\"cde0905\" data-element_type=\"container\" data-e-type=\"container\">\n\t\t\t\t\t<div class=\"e-con-inner\">\n\t\t\t\t<div class=\"elementor-element elementor-element-2ea01fa elementor-widget elementor-widget-text-editor\" data-id=\"2ea01fa\" data-element_type=\"widget\" data-e-type=\"widget\" data-widget_type=\"text-editor.default\">\n\t\t\t\t\t\t\t\t\t<p><style>\n  .section-percorsi {<br \/>\n    font-family: 'Noto Serif', serif;<br \/>\n    max-width: 100%;<br \/>\n    margin: 30px auto;<br \/>\n    padding: 10px;<br \/>\n    color: #333;<br \/>\n  }<\/p>\n<p>  .section-percorsi h2 {<br \/>\n    text-align: center;<br \/>\n    font-size: 1.3rem;<br \/>\n    color: #141B2B;<br \/>\n    margin-bottom: 20px;<br \/>\n    text-transform: uppercase;<br \/>\n    line-height: 1.2;<br \/>\n  }<\/p>\n<p>  .table-container-percorsi {<br \/>\n    overflow-x: hidden;<br \/>\n  }<\/p>\n<p>  .percorsi-table {<br \/>\n    width: 100%;<br \/>\n    border-collapse: collapse;<br \/>\n    font-size: 0.75rem;<br \/>\n  }<\/p>\n<p>  \/* Intestazione Colore #141B2B con opacit\u00e0 0.2 *\/<br \/>\n  .percorsi-table thead tr {<br \/>\n    background-color: rgba(20, 27, 43, 0.2);<br \/>\n    color: #141B2B;<br \/>\n  }<\/p>\n<p>  .percorsi-table th {<br \/>\n    padding: 12px 8px;<br \/>\n    text-align: left;<br \/>\n    text-transform: uppercase;<br \/>\n    font-weight: 700;<br \/>\n    letter-spacing: 0.5px;<br \/>\n  }<\/p>\n<p>  .percorsi-table td {<br \/>\n    padding: 12px 8px;<br \/>\n    border-bottom: 1px solid #eeeeee;<br \/>\n    vertical-align: top;<br \/>\n  }<\/p>\n<p>  .percorsi-table p { margin: 0 0 5px 0; }<br \/>\n  .percorsi-table ul { margin: 0; padding-left: 15px; list-style-type: disc; }<\/p>\n<p>  \/* --- OTTIMIZZAZIONE SMARTPHONE --- *\/<br \/>\n  @media screen and (max-width: 600px) {<br \/>\n    .percorsi-table thead { display: none; }<\/p>\n<p>    .percorsi-table tr {<br \/>\n      display: block;<br \/>\n      margin-bottom: 20px;<br \/>\n      border: 1px solid rgba(20, 27, 43, 0.1);<br \/>\n      border-radius: 8px;<br \/>\n      background: #fff;<br \/>\n      overflow: hidden;<br \/>\n      box-shadow: 0 3px 6px rgba(0,0,0,0.03);<br \/>\n    }<\/p>\n<p>    .percorsi-table td {<br \/>\n      display: block;<br \/>\n      width: auto;<br \/>\n      padding: 10px 15px;<br \/>\n      border-bottom: 1px solid #f5f5f5;<br \/>\n      text-align: left;<br \/>\n    }<\/p>\n<p>    \/* Nome del Percorso *\/<br \/>\n    .percorsi-table td:first-child {<br \/>\n      background-color: rgba(20, 27, 43, 0.05);<br \/>\n      color: #141B2B;<br \/>\n      font-weight: bold;<br \/>\n      text-align: center;<br \/>\n      font-size: 0.9rem;<br \/>\n    }<\/p>\n<p>    \/* Prezzo evidenziato in fondo alla card *\/<br \/>\n    .percorsi-table td:last-child {<br \/>\n      text-align: right;<br \/>\n      font-size: 1rem;<br \/>\n      background-color: #f9f9f9;<br \/>\n      border-bottom: none;<br \/>\n    }<\/p>\n<p>    .percorsi-table td:last-child::before {<br \/>\n      content: \"TOTAL DU PARCOURS : \";<br \/>\n      font-size: 0.65rem;<br \/>\n      font-weight: 700;<br \/>\n      color: #777;<br \/>\n      float: left;<br \/>\n      margin-top: 4px;<br \/>\n    }<\/p>\n<p>    \/* Label per la descrizione su mobile *\/<br \/>\n    .percorsi-table td:nth-child(2):before {<br \/>\n      content: \"D\u00c9TAILS ET SOINS :\";<br \/>\n      display: block;<br \/>\n      font-size: 0.6rem;<br \/>\n      font-weight: 700;<br \/>\n      color: #999;<br \/>\n      margin-bottom: 8px;<br \/>\n      text-transform: uppercase;<br \/>\n    }<br \/>\n  }<br \/>\n<\/style><\/p><div class=\"section-percorsi\"><h2>PARCOURS BIEN-\u00caTRE &amp; BEAUT\u00c9<\/h2><div class=\"table-container-percorsi\"><table class=\"percorsi-table\"><thead><tr><th>Parcours<\/th><th>Description &amp; D\u00e9tails<\/th><th>Prix<\/th><\/tr><\/thead><tbody><tr><td data-label=\"Parcours\"><strong>ILLUMINE &amp; RENOUVELLE<\/strong><\/td><td><p><strong>R\u00e9veille l&rsquo;\u00e9clat naturel du visage.<\/strong><\/p><ul><li>Hydradermie New White<\/li><li>Hydra Peeling \u2013 Abrasion<\/li><li>D\u00e9toxyg\u00e8ne<\/li><\/ul><\/td><td data-label=\"Prix\"><strong>\u20ac 194,00<\/strong><\/td><\/tr><tr><td data-label=\"Parcours\"><strong>LIFTE &amp; SCULPTE<\/strong><\/td><td><p><strong>Red\u00e9finit les volumes et d\u00e9tend les traits du visage.<\/strong><\/p><ul><li>Hydra Lift<\/li><li>Lift Summum<\/li><li>Age Summum<\/li><li>Eye Logic<\/li><\/ul><\/td><td data-label=\"Prix\"><strong>\u20ac 270,00<\/strong><\/td><\/tr><tr><td data-label=\"Parcours\"><strong>BEAUTY DAY<\/strong><\/td><td><p><strong>Une recharge rapide de beaut\u00e9 et d&rsquo;hydratation.<\/strong><\/p><ul><li>Gommage Mirific<\/li><li>Hydradermie<\/li><\/ul><\/td><td data-label=\"Prix\"><strong>\u20ac 130,00<\/strong><\/td><\/tr><tr><td data-label=\"Parcours\"><strong>TOTAL RELAX (3 JOURS)<\/strong><\/td><td><p><strong>Trois jours pour apaiser les tensions et le stress.<\/strong><\/p><ul><li>Soin Relaxant Mirific<\/li><li>Techni-Minceur<\/li><li>D\u00e9toxyg\u00e8ne<\/li><\/ul><\/td><td data-label=\"Prix\"><strong>\u20ac 200,00<\/strong><\/td><\/tr><tr><td data-label=\"Parcours\"><strong>CELLULITE 3 JOURS ADVANCE<\/strong><\/td><td><p><strong>Action choc pour lisser les tissus et drainer.<\/strong><\/p><ul><li>Gommage Soin Mirific<\/li><li>Techni Massage<\/li><li>Techni-Fermet\u00e9-Minceur<\/li><li>Slim Logic<\/li><\/ul><\/td><td data-label=\"Prix\"><strong>\u20ac 220,00<\/strong><\/td><\/tr><tr><td data-label=\"Parcours\"><strong>ANTI-\u00c2GE<\/strong><\/td><td><p><strong>Protocole intensif contre les signes de l&rsquo;\u00e2ge.<\/strong><\/p><ul><li>Hydradermie Plus<\/li><li>Techni-Fermet\u00e9-Minceur<\/li><li>Age Summum<\/li><\/ul><\/td><td data-label=\"Prix\"><strong>\u20ac 210,00<\/strong><\/td><\/tr><tr><td data-label=\"Parcours\"><strong>BEAUTY COMPLEX (6 JOURS)<\/strong><\/td><td><p><strong>Le parcours complet pour un visage et un corps parfaits.<\/strong><\/p><ul><li>Hydradermie, Eye Logic, D\u00e9toxyg\u00e8ne<\/li><li>Techni-Fermet\u00e9, Techni-Minceur, Slim Logic<\/li><\/ul><\/td><td data-label=\"Prix\"><strong>\u20ac 420,00<\/strong><\/td><\/tr><tr><td data-label=\"Parcours\"><strong>BEAUTY DETOX (6 JOURS)<\/strong><\/td><td><p><strong>Purifie en profondeur et renouvelle l&rsquo;\u00e9piderme.<\/strong><\/p><ul><li>Hydradermie, Gommage Soin Mirific, D\u00e9toxyg\u00e8ne<\/li><li>Techni-Fermet\u00e9, Techni-Minceur, Slim Logic<\/li><\/ul><\/td><td data-label=\"Prix\"><strong>\u20ac 350,00<\/strong><\/td><\/tr><tr><td data-label=\"Parcours\"><strong>REMISE EN FORME (6 JOURS)<\/strong><\/td><td><p><strong>Transformation totale pour un bien-\u00eatre global.<\/strong><\/p><ul><li>Age Logic, Lift Summum, Age Summum<\/li><li>Techni Massage, Techni-Fermet\u00e9-Minceur, Slim Logic<\/li><\/ul><\/td><td data-label=\"Prix\"><strong>\u20ac 380,00<\/strong><\/td><\/tr><tr><td data-label=\"Parcours\"><strong>JAMBES L\u00c9G\u00c8RES<\/strong><\/td><td><p><strong>Soulagement imm\u00e9diat contre les gonflements et les lourdeurs.<\/strong><\/p><ul><li>Scrub Mirific<\/li><li>2 Enveloppements Minceur<\/li><li>2 Enveloppements Fermet\u00e9<\/li><\/ul><\/td><td data-label=\"Prix\"><strong>\u20ac 288,00<\/strong><\/td><\/tr><\/tbody><\/table><\/div><\/div>\t\t\t\t\t\t\t\t<\/div>\n\t\t\t\t\t<\/div>\n\t\t\t\t<\/div>\n\t\t<div class=\"elementor-element elementor-element-edd4c22 e-flex e-con-boxed e-con e-parent\" data-id=\"edd4c22\" data-element_type=\"container\" data-e-type=\"container\">\n\t\t\t\t\t<div class=\"e-con-inner\">\n\t\t\t\t<div class=\"elementor-element elementor-element-c17ce72 elementor-grid-4 elementor-grid-tablet-2 elementor-grid-mobile-1 elementor-widget elementor-widget-portfolio\" data-id=\"c17ce72\" data-element_type=\"widget\" data-e-type=\"widget\" data-settings=\"{&quot;columns&quot;:&quot;4&quot;,&quot;columns_tablet&quot;:&quot;2&quot;,&quot;columns_mobile&quot;:&quot;1&quot;,&quot;item_ratio&quot;:{&quot;unit&quot;:&quot;px&quot;,&quot;size&quot;:0.66,&quot;sizes&quot;:[]},&quot;item_gap&quot;:{&quot;unit&quot;:&quot;px&quot;,&quot;size&quot;:&quot;&quot;,&quot;sizes&quot;:[]},&quot;row_gap&quot;:{&quot;unit&quot;:&quot;px&quot;,&quot;size&quot;:&quot;&quot;,&quot;sizes&quot;:[]}}\" data-widget_type=\"portfolio.default\">\n\t\t\t\t<div class=\"elementor-widget-container\">\n\t\t\t\t\t\t\t<div class=\"elementor-portfolio elementor-grid elementor-posts-container\" role=\"list\">\n\t\t\t\t<article class=\"elementor-portfolio-item elementor-post  post-3352 page type-page status-publish has-post-thumbnail hentry\" role=\"listitem\">\n\t\t\t<a class=\"elementor-post__thumbnail__link\" href=\"https:\/\/grifohotel.it\/fr\/soins-esthetiques-et-massages\/\">\n\t\t\t\t<div class=\"elementor-portfolio-item__img elementor-post__thumbnail\">\n\t\t\t<img fetchpriority=\"high\" decoding=\"async\" width=\"300\" height=\"169\" src=\"https:\/\/grifohotel.it\/wp-content\/uploads\/2026\/01\/benessereGrifo3-300x169.jpg\" class=\"attachment-medium size-medium wp-image-1812\" alt=\"\" srcset=\"https:\/\/grifohotel.it\/wp-content\/uploads\/2026\/01\/benessereGrifo3-300x169.jpg 300w, https:\/\/grifohotel.it\/wp-content\/uploads\/2026\/01\/benessereGrifo3-1024x576.jpg 1024w, https:\/\/grifohotel.it\/wp-content\/uploads\/2026\/01\/benessereGrifo3-768x432.jpg 768w, https:\/\/grifohotel.it\/wp-content\/uploads\/2026\/01\/benessereGrifo3-1536x864.jpg 1536w, https:\/\/grifohotel.it\/wp-content\/uploads\/2026\/01\/benessereGrifo3.jpg 1600w\" sizes=\"(max-width: 300px) 100vw, 300px\" \/>\t\t<\/div>\n\t\t\t\t<div class=\"elementor-portfolio-item__overlay\">\n\t\t\t\t<h3 class=\"elementor-portfolio-item__title\">\n\t\tApproche Holistique\t\t<\/h3>\n\t\t\t\t<\/div>\n\t\t\t\t<\/a>\n\t\t<\/article>\n\t\t\t\t<article class=\"elementor-portfolio-item elementor-post  post-3363 page type-page status-publish has-post-thumbnail hentry\" role=\"listitem\">\n\t\t\t<a class=\"elementor-post__thumbnail__link\" href=\"https:\/\/grifohotel.it\/fr\/forfaits-bien-etre-ischia\/\">\n\t\t\t\t<div class=\"elementor-portfolio-item__img elementor-post__thumbnail\">\n\t\t\t<img decoding=\"async\" width=\"300\" height=\"200\" src=\"https:\/\/grifohotel.it\/wp-content\/uploads\/2026\/01\/benessereGrifo2-300x200.jpg\" class=\"attachment-medium size-medium wp-image-1813\" alt=\"\" srcset=\"https:\/\/grifohotel.it\/wp-content\/uploads\/2026\/01\/benessereGrifo2-300x200.jpg 300w, https:\/\/grifohotel.it\/wp-content\/uploads\/2026\/01\/benessereGrifo2.jpg 600w\" sizes=\"(max-width: 300px) 100vw, 300px\" \/>\t\t<\/div>\n\t\t\t\t<div class=\"elementor-portfolio-item__overlay\">\n\t\t\t\t<h3 class=\"elementor-portfolio-item__title\">\n\t\tForfaits Bien-\u00eatre\t\t<\/h3>\n\t\t\t\t<\/div>\n\t\t\t\t<\/a>\n\t\t<\/article>\n\t\t\t\t<article class=\"elementor-portfolio-item elementor-post  post-3366 page type-page status-publish has-post-thumbnail hentry\" role=\"listitem\">\n\t\t\t<a class=\"elementor-post__thumbnail__link\" href=\"https:\/\/grifohotel.it\/fr\/centre-de-bien-etre-hotel-spa-ischia\/\">\n\t\t\t\t<div class=\"elementor-portfolio-item__img elementor-post__thumbnail\">\n\t\t\t<img decoding=\"async\" width=\"300\" height=\"200\" src=\"https:\/\/grifohotel.it\/wp-content\/uploads\/2026\/01\/Spa4-300x200.jpg\" class=\"attachment-medium size-medium wp-image-1818\" alt=\"\" srcset=\"https:\/\/grifohotel.it\/wp-content\/uploads\/2026\/01\/Spa4-300x200.jpg 300w, https:\/\/grifohotel.it\/wp-content\/uploads\/2026\/01\/Spa4-1024x683.jpg 1024w, https:\/\/grifohotel.it\/wp-content\/uploads\/2026\/01\/Spa4-768x512.jpg 768w, https:\/\/grifohotel.it\/wp-content\/uploads\/2026\/01\/Spa4.jpg 1348w\" sizes=\"(max-width: 300px) 100vw, 300px\" \/>\t\t<\/div>\n\t\t\t\t<div class=\"elementor-portfolio-item__overlay\">\n\t\t\t\t<h3 class=\"elementor-portfolio-item__title\">\n\t\tThermes &#038; Spa\t\t<\/h3>\n\t\t\t\t<\/div>\n\t\t\t\t<\/a>\n\t\t<\/article>\n\t\t\t\t<article class=\"elementor-portfolio-item elementor-post  post-3351 page type-page status-publish has-post-thumbnail hentry\" role=\"listitem\">\n\t\t\t<a class=\"elementor-post__thumbnail__link\" href=\"https:\/\/grifohotel.it\/fr\/institut-de-beaute-ischia\/\">\n\t\t\t\t<div class=\"elementor-portfolio-item__img elementor-post__thumbnail\">\n\t\t\t<img loading=\"lazy\" decoding=\"async\" width=\"300\" height=\"202\" src=\"https:\/\/grifohotel.it\/wp-content\/uploads\/2026\/01\/benessereGrifo4-300x202.jpg\" class=\"attachment-medium size-medium wp-image-1811\" alt=\"\" srcset=\"https:\/\/grifohotel.it\/wp-content\/uploads\/2026\/01\/benessereGrifo4-300x202.jpg 300w, https:\/\/grifohotel.it\/wp-content\/uploads\/2026\/01\/benessereGrifo4.jpg 640w\" sizes=\"(max-width: 300px) 100vw, 300px\" \/>\t\t<\/div>\n\t\t\t\t<div class=\"elementor-portfolio-item__overlay\">\n\t\t\t\t<h3 class=\"elementor-portfolio-item__title\">\n\t\tEspace Bien-\u00catre\t\t<\/h3>\n\t\t\t\t<\/div>\n\t\t\t\t<\/a>\n\t\t<\/article>\n\t\t\t\t<\/div>\n\t\t\t\t\t\t<\/div>\n\t\t\t\t<\/div>\n\t\t\t\t\t<\/div>\n\t\t\t\t<\/div>\n\t\t\t\t<\/div>\n\t\t","protected":false},"excerpt":{"rendered":"<p>Forfaits Bien-\u00eatre Forfaits Bien-\u00eatre PARCOURS BIEN-\u00caTRE &amp; BEAUT\u00c9 Parcours Description &amp; D\u00e9tails Prix ILLUMINE &amp; RENOUVELLE R\u00e9veille l&rsquo;\u00e9clat naturel du visage. Hydradermie New White Hydra Peeling \u2013 Abrasion D\u00e9toxyg\u00e8ne \u20ac 194,00 LIFTE &amp; SCULPTE Red\u00e9finit les volumes et d\u00e9tend les traits du visage. Hydra Lift Lift Summum Age Summum Eye Logic \u20ac 270,00 BEAUTY DAY [&hellip;]<\/p>\n","protected":false},"author":2,"featured_media":1813,"parent":0,"menu_order":0,"comment_status":"closed","ping_status":"closed","template":"","meta":{"footnotes":""},"categories":[],"tags":[],"class_list":["post-3363","page","type-page","status-publish","has-post-thumbnail","hentry"],"yoast_head":"<!-- This site is optimized with the Yoast SEO plugin v26.9 - https:\/\/yoast.com\/product\/yoast-seo-wordpress\/ -->\n<title>Forfaits Bien-\u00eatre - Grifo Hotel<\/title>\n<meta name=\"robots\" content=\"index, follow, max-snippet:-1, max-image-preview:large, max-video-preview:-1\" \/>\n<link rel=\"canonical\" href=\"https:\/\/grifohotel.it\/pacchetti-benessere-ischia\/\" \/>\n<meta property=\"og:locale\" content=\"fr_FR\" \/>\n<meta property=\"og:type\" content=\"article\" \/>\n<meta property=\"og:title\" content=\"Forfaits Bien-\u00eatre - Grifo Hotel\" \/>\n<meta property=\"og:description\" content=\"Forfaits Bien-\u00eatre Forfaits Bien-\u00eatre PARCOURS BIEN-\u00caTRE &amp; BEAUT\u00c9 Parcours Description &amp; D\u00e9tails Prix ILLUMINE &amp; RENOUVELLE R\u00e9veille l&rsquo;\u00e9clat naturel du visage. Hydradermie New White Hydra Peeling \u2013 Abrasion D\u00e9toxyg\u00e8ne \u20ac 194,00 LIFTE &amp; SCULPTE Red\u00e9finit les volumes et d\u00e9tend les traits du visage. Hydra Lift Lift Summum Age Summum Eye Logic \u20ac 270,00 BEAUTY DAY [&hellip;]\" \/>\n<meta property=\"og:url\" content=\"https:\/\/grifohotel.it\/pacchetti-benessere-ischia\/\" \/>\n<meta property=\"og:site_name\" content=\"Grifo Hotel\" \/>\n<meta property=\"article:modified_time\" content=\"2026-02-24T16:35:54+00:00\" \/>\n<meta property=\"og:image\" content=\"https:\/\/grifohotel.it\/wp-content\/uploads\/2026\/01\/benessereGrifo2.jpg\" \/>\n\t<meta property=\"og:image:width\" content=\"600\" \/>\n\t<meta property=\"og:image:height\" content=\"400\" \/>\n\t<meta property=\"og:image:type\" content=\"image\/jpeg\" \/>\n<meta name=\"twitter:card\" content=\"summary_large_image\" \/>\n<meta name=\"twitter:label1\" content=\"Dur\u00e9e de lecture estim\u00e9e\" \/>\n\t<meta name=\"twitter:data1\" content=\"1 minute\" \/>\n<script type=\"application\/ld+json\" class=\"yoast-schema-graph\">{\"@context\":\"https:\/\/schema.org\",\"@graph\":[{\"@type\":\"WebPage\",\"@id\":\"https:\/\/grifohotel.it\/pacchetti-benessere-ischia\/\",\"url\":\"https:\/\/grifohotel.it\/pacchetti-benessere-ischia\/\",\"name\":\"Forfaits Bien-\u00eatre - Grifo Hotel\",\"isPartOf\":{\"@id\":\"https:\/\/grifohotel.it\/#website\"},\"primaryImageOfPage\":{\"@id\":\"https:\/\/grifohotel.it\/pacchetti-benessere-ischia\/#primaryimage\"},\"image\":{\"@id\":\"https:\/\/grifohotel.it\/pacchetti-benessere-ischia\/#primaryimage\"},\"thumbnailUrl\":\"https:\/\/grifohotel.it\/wp-content\/uploads\/2026\/01\/benessereGrifo2.jpg\",\"datePublished\":\"2026-01-28T10:46:08+00:00\",\"dateModified\":\"2026-02-24T16:35:54+00:00\",\"breadcrumb\":{\"@id\":\"https:\/\/grifohotel.it\/pacchetti-benessere-ischia\/#breadcrumb\"},\"inLanguage\":\"fr-FR\",\"potentialAction\":[{\"@type\":\"ReadAction\",\"target\":[\"https:\/\/grifohotel.it\/pacchetti-benessere-ischia\/\"]}]},{\"@type\":\"ImageObject\",\"inLanguage\":\"fr-FR\",\"@id\":\"https:\/\/grifohotel.it\/pacchetti-benessere-ischia\/#primaryimage\",\"url\":\"https:\/\/grifohotel.it\/wp-content\/uploads\/2026\/01\/benessereGrifo2.jpg\",\"contentUrl\":\"https:\/\/grifohotel.it\/wp-content\/uploads\/2026\/01\/benessereGrifo2.jpg\",\"width\":600,\"height\":400},{\"@type\":\"BreadcrumbList\",\"@id\":\"https:\/\/grifohotel.it\/pacchetti-benessere-ischia\/#breadcrumb\",\"itemListElement\":[{\"@type\":\"ListItem\",\"position\":1,\"name\":\"Home\",\"item\":\"https:\/\/grifohotel.it\/en\/\"},{\"@type\":\"ListItem\",\"position\":2,\"name\":\"Forfaits Bien-\u00eatre\"}]},{\"@type\":\"WebSite\",\"@id\":\"https:\/\/grifohotel.it\/#website\",\"url\":\"https:\/\/grifohotel.it\/\",\"name\":\"Grifo Hotel\",\"description\":\"Hotel 4 Stelle Ischia Terme &amp; Spa\",\"publisher\":{\"@id\":\"https:\/\/grifohotel.it\/#organization\"},\"potentialAction\":[{\"@type\":\"SearchAction\",\"target\":{\"@type\":\"EntryPoint\",\"urlTemplate\":\"https:\/\/grifohotel.it\/?s={search_term_string}\"},\"query-input\":{\"@type\":\"PropertyValueSpecification\",\"valueRequired\":true,\"valueName\":\"search_term_string\"}}],\"inLanguage\":\"fr-FR\"},{\"@type\":\"Organization\",\"@id\":\"https:\/\/grifohotel.it\/#organization\",\"name\":\"Grifo Hotel\",\"url\":\"https:\/\/grifohotel.it\/\",\"logo\":{\"@type\":\"ImageObject\",\"inLanguage\":\"fr-FR\",\"@id\":\"https:\/\/grifohotel.it\/#\/schema\/logo\/image\/\",\"url\":\"https:\/\/grifohotel.it\/wp-content\/uploads\/2026\/01\/logo.png\",\"contentUrl\":\"https:\/\/grifohotel.it\/wp-content\/uploads\/2026\/01\/logo.png\",\"width\":464,\"height\":104,\"caption\":\"Grifo Hotel\"},\"image\":{\"@id\":\"https:\/\/grifohotel.it\/#\/schema\/logo\/image\/\"}}]}<\/script>\n<!-- \/ Yoast SEO plugin. -->","yoast_head_json":{"title":"Forfaits Bien-\u00eatre - Grifo Hotel","robots":{"index":"index","follow":"follow","max-snippet":"max-snippet:-1","max-image-preview":"max-image-preview:large","max-video-preview":"max-video-preview:-1"},"canonical":"https:\/\/grifohotel.it\/pacchetti-benessere-ischia\/","og_locale":"fr_FR","og_type":"article","og_title":"Forfaits Bien-\u00eatre - Grifo Hotel","og_description":"Forfaits Bien-\u00eatre Forfaits Bien-\u00eatre PARCOURS BIEN-\u00caTRE &amp; BEAUT\u00c9 Parcours Description &amp; D\u00e9tails Prix ILLUMINE &amp; RENOUVELLE R\u00e9veille l&rsquo;\u00e9clat naturel du visage. Hydradermie New White Hydra Peeling \u2013 Abrasion D\u00e9toxyg\u00e8ne \u20ac 194,00 LIFTE &amp; SCULPTE Red\u00e9finit les volumes et d\u00e9tend les traits du visage. Hydra Lift Lift Summum Age Summum Eye Logic \u20ac 270,00 BEAUTY DAY [&hellip;]","og_url":"https:\/\/grifohotel.it\/pacchetti-benessere-ischia\/","og_site_name":"Grifo Hotel","article_modified_time":"2026-02-24T16:35:54+00:00","og_image":[{"width":600,"height":400,"url":"https:\/\/grifohotel.it\/wp-content\/uploads\/2026\/01\/benessereGrifo2.jpg","type":"image\/jpeg"}],"twitter_card":"summary_large_image","twitter_misc":{"Dur\u00e9e de lecture estim\u00e9e":"1 minute"},"schema":{"@context":"https:\/\/schema.org","@graph":[{"@type":"WebPage","@id":"https:\/\/grifohotel.it\/pacchetti-benessere-ischia\/","url":"https:\/\/grifohotel.it\/pacchetti-benessere-ischia\/","name":"Forfaits Bien-\u00eatre - Grifo Hotel","isPartOf":{"@id":"https:\/\/grifohotel.it\/#website"},"primaryImageOfPage":{"@id":"https:\/\/grifohotel.it\/pacchetti-benessere-ischia\/#primaryimage"},"image":{"@id":"https:\/\/grifohotel.it\/pacchetti-benessere-ischia\/#primaryimage"},"thumbnailUrl":"https:\/\/grifohotel.it\/wp-content\/uploads\/2026\/01\/benessereGrifo2.jpg","datePublished":"2026-01-28T10:46:08+00:00","dateModified":"2026-02-24T16:35:54+00:00","breadcrumb":{"@id":"https:\/\/grifohotel.it\/pacchetti-benessere-ischia\/#breadcrumb"},"inLanguage":"fr-FR","potentialAction":[{"@type":"ReadAction","target":["https:\/\/grifohotel.it\/pacchetti-benessere-ischia\/"]}]},{"@type":"ImageObject","inLanguage":"fr-FR","@id":"https:\/\/grifohotel.it\/pacchetti-benessere-ischia\/#primaryimage","url":"https:\/\/grifohotel.it\/wp-content\/uploads\/2026\/01\/benessereGrifo2.jpg","contentUrl":"https:\/\/grifohotel.it\/wp-content\/uploads\/2026\/01\/benessereGrifo2.jpg","width":600,"height":400},{"@type":"BreadcrumbList","@id":"https:\/\/grifohotel.it\/pacchetti-benessere-ischia\/#breadcrumb","itemListElement":[{"@type":"ListItem","position":1,"name":"Home","item":"https:\/\/grifohotel.it\/en\/"},{"@type":"ListItem","position":2,"name":"Forfaits Bien-\u00eatre"}]},{"@type":"WebSite","@id":"https:\/\/grifohotel.it\/#website","url":"https:\/\/grifohotel.it\/","name":"Grifo Hotel","description":"Hotel 4 Stelle Ischia Terme &amp; Spa","publisher":{"@id":"https:\/\/grifohotel.it\/#organization"},"potentialAction":[{"@type":"SearchAction","target":{"@type":"EntryPoint","urlTemplate":"https:\/\/grifohotel.it\/?s={search_term_string}"},"query-input":{"@type":"PropertyValueSpecification","valueRequired":true,"valueName":"search_term_string"}}],"inLanguage":"fr-FR"},{"@type":"Organization","@id":"https:\/\/grifohotel.it\/#organization","name":"Grifo Hotel","url":"https:\/\/grifohotel.it\/","logo":{"@type":"ImageObject","inLanguage":"fr-FR","@id":"https:\/\/grifohotel.it\/#\/schema\/logo\/image\/","url":"https:\/\/grifohotel.it\/wp-content\/uploads\/2026\/01\/logo.png","contentUrl":"https:\/\/grifohotel.it\/wp-content\/uploads\/2026\/01\/logo.png","width":464,"height":104,"caption":"Grifo Hotel"},"image":{"@id":"https:\/\/grifohotel.it\/#\/schema\/logo\/image\/"}}]}},"_links":{"self":[{"href":"https:\/\/grifohotel.it\/fr\/wp-json\/wp\/v2\/pages\/3363","targetHints":{"allow":["GET"]}}],"collection":[{"href":"https:\/\/grifohotel.it\/fr\/wp-json\/wp\/v2\/pages"}],"about":[{"href":"https:\/\/grifohotel.it\/fr\/wp-json\/wp\/v2\/types\/page"}],"author":[{"embeddable":true,"href":"https:\/\/grifohotel.it\/fr\/wp-json\/wp\/v2\/users\/2"}],"replies":[{"embeddable":true,"href":"https:\/\/grifohotel.it\/fr\/wp-json\/wp\/v2\/comments?post=3363"}],"version-history":[{"count":5,"href":"https:\/\/grifohotel.it\/fr\/wp-json\/wp\/v2\/pages\/3363\/revisions"}],"predecessor-version":[{"id":3646,"href":"https:\/\/grifohotel.it\/fr\/wp-json\/wp\/v2\/pages\/3363\/revisions\/3646"}],"wp:featuredmedia":[{"embeddable":true,"href":"https:\/\/grifohotel.it\/fr\/wp-json\/wp\/v2\/media\/1813"}],"wp:attachment":[{"href":"https:\/\/grifohotel.it\/fr\/wp-json\/wp\/v2\/media?parent=3363"}],"wp:term":[{"taxonomy":"category","embeddable":true,"href":"https:\/\/grifohotel.it\/fr\/wp-json\/wp\/v2\/categories?post=3363"},{"taxonomy":"post_tag","embeddable":true,"href":"https:\/\/grifohotel.it\/fr\/wp-json\/wp\/v2\/tags?post=3363"}],"curies":[{"name":"wp","href":"https:\/\/api.w.org\/{rel}","templated":true}]}}