{"id":3357,"date":"2024-06-29T09:46:57","date_gmt":"2024-06-29T09:46:57","guid":{"rendered":"https:\/\/grifohotel.it\/?page_id=3357"},"modified":"2026-02-24T17:06:29","modified_gmt":"2026-02-24T17:06:29","slug":"ou-sommes-nous-hotel-ischia","status":"publish","type":"page","link":"https:\/\/grifohotel.it\/fr\/ou-sommes-nous-hotel-ischia\/","title":{"rendered":"Emplacement"},"content":{"rendered":"\t\t<div data-elementor-type=\"wp-page\" data-elementor-id=\"3357\" class=\"elementor elementor-3357 elementor-528\" data-elementor-post-type=\"page\">\n\t\t\t\t<div class=\"elementor-element elementor-element-d5be4c3 e-con-full e-flex e-con e-parent\" data-id=\"d5be4c3\" data-element_type=\"container\" data-e-type=\"container\" data-settings=\"{&quot;background_background&quot;:&quot;classic&quot;}\">\n\t\t\t\t<div class=\"elementor-element elementor-element-8851ad8 elementor--h-position-center elementor--v-position-middle elementor-widget elementor-widget-slides\" data-id=\"8851ad8\" data-element_type=\"widget\" data-e-type=\"widget\" data-settings=\"{&quot;navigation&quot;:&quot;none&quot;,&quot;transition&quot;:&quot;fade&quot;,&quot;autoplay&quot;:&quot;yes&quot;,&quot;pause_on_hover&quot;:&quot;yes&quot;,&quot;pause_on_interaction&quot;:&quot;yes&quot;,&quot;autoplay_speed&quot;:5000,&quot;infinite&quot;:&quot;yes&quot;,&quot;transition_speed&quot;:500}\" data-widget_type=\"slides.default\">\n\t\t\t\t\t\t\t\t\t\t<div class=\"elementor-slides-wrapper elementor-main-swiper swiper\" role=\"region\" aria-roledescription=\"carousel\" aria-label=\"Slides\" dir=\"ltr\" data-animation=\"\">\n\t\t\t\t<div class=\"swiper-wrapper elementor-slides\">\n\t\t\t\t\t\t\t\t\t\t<div class=\"elementor-repeater-item-7692f66 swiper-slide\" role=\"group\" aria-roledescription=\"slide\"><div class=\"swiper-slide-bg elementor-ken-burns elementor-ken-burns--in\" role=\"img\" aria-label=\"DJI_0849AA2025\"><\/div><div class=\"elementor-background-overlay\"><\/div><div class=\"swiper-slide-inner\" ><div class=\"swiper-slide-contents\"><div class=\"elementor-slide-heading\">O\u00f9 nous trouver<\/div><\/div><\/div><\/div>\t\t\t\t<\/div>\n\t\t\t\t\t\t\t<\/div>\n\t\t\t\t\t\t\t\t<\/div>\n\t\t\t\t<\/div>\n\t\t<div class=\"elementor-element elementor-element-6471a23 e-flex e-con-boxed e-con e-parent\" data-id=\"6471a23\" data-element_type=\"container\" data-e-type=\"container\" data-settings=\"{&quot;shape_divider_top&quot;:&quot;tilt&quot;}\">\n\t\t\t\t\t<div class=\"e-con-inner\">\n\t\t\t\t<div class=\"elementor-shape elementor-shape-top\" aria-hidden=\"true\" data-negative=\"false\">\n\t\t\t<svg xmlns=\"http:\/\/www.w3.org\/2000\/svg\" viewBox=\"0 0 1000 100\" preserveAspectRatio=\"none\">\n\t<path class=\"elementor-shape-fill\" d=\"M0,6V0h1000v100L0,6z\"\/>\n<\/svg>\t\t<\/div>\n\t\t\t\t<div class=\"elementor-element elementor-element-23ad174 elementor-widget elementor-widget-heading\" data-id=\"23ad174\" data-element_type=\"widget\" data-e-type=\"widget\" data-widget_type=\"heading.default\">\n\t\t\t\t\t<h2 class=\"elementor-heading-title elementor-size-default\">Une oasis de paix entre la mer et la nature verdoyante d'Ischia<\/h2>\t\t\t\t<\/div>\n\t\t\t\t\t<\/div>\n\t\t\t\t<\/div>\n\t\t<div class=\"elementor-element elementor-element-d5c5507 e-flex e-con-boxed e-con e-parent\" data-id=\"d5c5507\" data-element_type=\"container\" data-e-type=\"container\">\n\t\t\t\t\t<div class=\"e-con-inner\">\n\t\t<div class=\"elementor-element elementor-element-12d5b87 e-con-full e-flex e-con e-child\" data-id=\"12d5b87\" data-element_type=\"container\" data-e-type=\"container\">\n\t\t\t\t<div class=\"elementor-element elementor-element-645d06c elementor--h-position-center elementor--v-position-middle elementor-arrows-position-inside elementor-widget elementor-widget-slides\" data-id=\"645d06c\" data-element_type=\"widget\" data-e-type=\"widget\" data-settings=\"{&quot;navigation&quot;:&quot;arrows&quot;,&quot;autoplay&quot;:&quot;yes&quot;,&quot;autoplay_speed&quot;:5000,&quot;infinite&quot;:&quot;yes&quot;,&quot;transition&quot;:&quot;slide&quot;,&quot;transition_speed&quot;:500}\" data-widget_type=\"slides.default\">\n\t\t\t\t\t\t\t\t\t\t<div class=\"elementor-slides-wrapper elementor-main-swiper swiper\" role=\"region\" aria-roledescription=\"carousel\" aria-label=\"Slides\" dir=\"ltr\" data-animation=\"fadeInUp\">\n\t\t\t\t<div class=\"swiper-wrapper elementor-slides\">\n\t\t\t\t\t\t\t\t\t\t<div class=\"elementor-repeater-item-8efd1d8 swiper-slide\" role=\"group\" aria-roledescription=\"slide\"><div class=\"swiper-slide-bg\" role=\"img\" aria-label=\"_DSC0017AAC2025\"><\/div><div class=\"swiper-slide-inner\" ><div class=\"swiper-slide-contents\"><\/div><\/div><\/div><div class=\"elementor-repeater-item-a08ee63 swiper-slide\" role=\"group\" aria-roledescription=\"slide\"><div class=\"swiper-slide-bg\" role=\"img\" aria-label=\"DJI_0833AA2025\"><\/div><div class=\"swiper-slide-inner\" ><div class=\"swiper-slide-contents\"><\/div><\/div><\/div><div class=\"elementor-repeater-item-a52f582 swiper-slide\" role=\"group\" aria-roledescription=\"slide\"><div class=\"swiper-slide-bg\" role=\"img\" aria-label=\"DJI_0084AA2025\"><\/div><div class=\"swiper-slide-inner\" ><div class=\"swiper-slide-contents\"><\/div><\/div><\/div>\t\t\t\t<\/div>\n\t\t\t\t\t\t\t\t\t\t\t\t\t\t\t<div class=\"elementor-swiper-button elementor-swiper-button-prev\" role=\"button\" tabindex=\"0\" aria-label=\"Diapositive pr\u00e9c\u00e9dente\">\n\t\t\t\t\t\t\t<svg aria-hidden=\"true\" class=\"e-font-icon-svg e-eicon-chevron-left\" viewBox=\"0 0 1000 1000\" xmlns=\"http:\/\/www.w3.org\/2000\/svg\"><path d=\"M646 125C629 125 613 133 604 142L308 442C296 454 292 471 292 487 292 504 296 521 308 533L604 854C617 867 629 875 646 875 663 875 679 871 692 858 704 846 713 829 713 812 713 796 708 779 692 767L438 487 692 225C700 217 708 204 708 187 708 171 704 154 692 142 675 129 663 125 646 125Z\"><\/path><\/svg>\t\t\t\t\t\t<\/div>\n\t\t\t\t\t\t<div class=\"elementor-swiper-button elementor-swiper-button-next\" role=\"button\" tabindex=\"0\" aria-label=\"Diapositive suivante\">\n\t\t\t\t\t\t\t<svg aria-hidden=\"true\" class=\"e-font-icon-svg e-eicon-chevron-right\" viewBox=\"0 0 1000 1000\" xmlns=\"http:\/\/www.w3.org\/2000\/svg\"><path d=\"M696 533C708 521 713 504 713 487 713 471 708 454 696 446L400 146C388 133 375 125 354 125 338 125 325 129 313 142 300 154 292 171 292 187 292 204 296 221 308 233L563 492 304 771C292 783 288 800 288 817 288 833 296 850 308 863 321 871 338 875 354 875 371 875 388 867 400 854L696 533Z\"><\/path><\/svg>\t\t\t\t\t\t<\/div>\n\t\t\t\t\t\t\t\t\t\t\t\t\t\t\t\t\t<\/div>\n\t\t\t\t\t\t\t\t<\/div>\n\t\t\t\t<\/div>\n\t\t<div class=\"elementor-element elementor-element-018a453 e-con-full e-flex e-con e-child\" data-id=\"018a453\" data-element_type=\"container\" data-e-type=\"container\">\n\t\t\t\t<div class=\"elementor-element elementor-element-8dee564 elementor-widget elementor-widget-text-editor\" data-id=\"8dee564\" data-element_type=\"widget\" data-e-type=\"widget\" data-settings=\"{&quot;_animation&quot;:&quot;none&quot;}\" data-widget_type=\"text-editor.default\">\n\t\t\t\t\t\t\t\t\t<p data-path-to-node=\"4\"><strong>Le Grifo Hotel Terme &amp; Spa<\/strong> b\u00e9n\u00e9ficie d&rsquo;un emplacement privil\u00e9gi\u00e9 et panoramique dans la commune de <strong>Casamicciola<\/strong> Terme, suspendu entre l&rsquo;azur du golfe de Naples et la v\u00e9g\u00e9tation luxuriante du mont Tabor. Notre position strat\u00e9gique vous permet de profiter d&rsquo;une tranquillit\u00e9 absolue, tout en restant \u00e0 tr\u00e8s courte distance des principaux centres d&rsquo;int\u00e9r\u00eat de l&rsquo;\u00eele.<\/p><h4 data-path-to-node=\"5\">Dans les environs :<\/h4><ul data-path-to-node=\"6\"><li><p data-path-to-node=\"6,0,0\"><b data-path-to-node=\"6,1,0,0\" data-index-in-node=\"0\">Parc Thermal Castiglione :<\/b> \u00c0 seulement <b data-path-to-node=\"6,1,0,0\" data-index-in-node=\"39\">5 minutes \u00e0 pied<\/b> (environ 500 m\u00e8tres), vous pourrez vous plonger dans les c\u00e9l\u00e8bres eaux thermales de l&rsquo;un des plus beaux parcs de l&rsquo;\u00eele.<\/p><\/li><li><p data-path-to-node=\"6,1,0\"><b data-path-to-node=\"6,1,1,0\" data-index-in-node=\"0\">Ischia Porto :<\/b> Le c\u0153ur du shopping et de la vie nocturne se trouve \u00e0 environ <b data-path-to-node=\"6,1,1,0\" data-index-in-node=\"77\">1,5 km<\/b>, accessible en quelques minutes en voiture ou par une agr\u00e9able promenade de 18 minutes.<\/p><\/li><li><p data-path-to-node=\"6,2,0\"><b data-path-to-node=\"6,1,2,0\" data-index-in-node=\"0\">Plages :<\/b> La plage du Convento (<i data-path-to-node=\"6,1,2,0\" data-index-in-node=\"31\">Spiaggia del Convento<\/i>) et les \u00e9tablissements partenaires sont \u00e0 environ <b data-path-to-node=\"6,1,2,0\" data-index-in-node=\"103\">1 km<\/b>, facilement accessibles gr\u00e2ce \u00e0 notre <b data-path-to-node=\"6,1,2,0\" data-index-in-node=\"146\">service de navette gratuit<\/b> (disponible pendant les mois d&rsquo;\u00e9t\u00e9).<\/p><\/li><li><p data-path-to-node=\"6,3,0\"><b data-path-to-node=\"6,1,3,0\" data-index-in-node=\"0\">Attractions :<\/b> En peu de temps, vous pourrez rejoindre les jardins La Mortella, le parc du Negombo et le majestueux ch\u00e2teau aragonais.<\/p><\/li><\/ul>\t\t\t\t\t\t\t\t<\/div>\n\t\t\t\t<\/div>\n\t\t\t\t\t<\/div>\n\t\t\t\t<\/div>\n\t\t<div class=\"elementor-element elementor-element-1c13ea2 e-flex e-con-boxed e-con e-parent\" data-id=\"1c13ea2\" data-element_type=\"container\" data-e-type=\"container\">\n\t\t\t\t\t<div class=\"e-con-inner\">\n\t\t\t\t<div class=\"elementor-element elementor-element-d1569d1 elementor-widget elementor-widget-text-editor\" data-id=\"d1569d1\" data-element_type=\"widget\" data-e-type=\"widget\" data-widget_type=\"text-editor.default\">\n\t\t\t\t\t\t\t\t\t<h3 data-path-to-node=\"1\">\u00a0<\/h3><p style=\"text-align: left;\"><b data-path-to-node=\"9,0\" data-index-in-node=\"0\">Comment rejoindre l&rsquo;\u00eele<\/b><\/p><ul data-path-to-node=\"2\"><li><p data-path-to-node=\"2,0,0\"><b data-path-to-node=\"9,1,0,0\" data-index-in-node=\"0\">En Train :<\/b> Arriv\u00e9e \u00e0 la gare de Napoli Centrale ou Napoli Mergellina. De l\u00e0, rejoignez les embarcad\u00e8res du <b data-path-to-node=\"9,1,0,0\" data-index-in-node=\"107\">Molo Beverello<\/b> (hydroglisseurs) ou <b data-path-to-node=\"9,1,0,0\" data-index-in-node=\"142\">Calata Porta di Massa<\/b> (ferries) en taxi ou en m\u00e9tro.<\/p><\/li><li><p data-path-to-node=\"2,1,0\"><b data-path-to-node=\"9,1,1,0\" data-index-in-node=\"0\">En Avion :<\/b> Depuis l&rsquo;a\u00e9roport de Napoli Capodichino, prenez l&rsquo;<b data-path-to-node=\"9,1,1,0\" data-index-in-node=\"61\">Alibus<\/b> qui vous conduira directement aux embarcad\u00e8res du port de Naples en 20 \u00e0 30 minutes environ.<\/p><\/li><li><p data-path-to-node=\"2,2,0\"><b data-path-to-node=\"9,1,2,0\" data-index-in-node=\"0\">En Voiture :<\/b> Rejoignez le port de Naples (<b data-path-to-node=\"9,1,2,0\" data-index-in-node=\"42\">Porta di Massa<\/b>) ou, plus confortablement, le port de <b data-path-to-node=\"9,1,2,0\" data-index-in-node=\"95\">Pouzzoles<\/b> (<i data-path-to-node=\"9,1,2,0\" data-index-in-node=\"106\">Pozzuoli<\/i>, l&rsquo;escale la plus proche de l&rsquo;\u00eele et souvent plus \u00e9conomique pour l&#8217;embarquement des voitures) et prenez un ferry pour <b data-path-to-node=\"9,1,2,0\" data-index-in-node=\"234\">Ischia Porto<\/b> ou <b data-path-to-node=\"9,1,2,0\" data-index-in-node=\"250\">Casamicciola<\/b>.<\/p><\/li><\/ul><hr data-path-to-node=\"3\" \/><p data-path-to-node=\"4\"><b data-path-to-node=\"9,2\" data-index-in-node=\"0\">Conseil pour nos h\u00f4tes :<\/b> Une fois d\u00e9barqu\u00e9s \u00e0 Ischia, n&rsquo;oubliez pas que le port de <b data-path-to-node=\"9,2\" data-index-in-node=\"83\">Casamicciola Terme<\/b> est le plus proche du Grifo Hotel.<\/p>\t\t\t\t\t\t\t\t<\/div>\n\t\t\t\t<div class=\"elementor-element elementor-element-f161a6e elementor-widget elementor-widget-text-editor\" data-id=\"f161a6e\" data-element_type=\"widget\" data-e-type=\"widget\" data-settings=\"{&quot;_animation&quot;:&quot;none&quot;}\" data-widget_type=\"text-editor.default\">\n\t\t\t\t\t\t\t\t\t<h3 data-path-to-node=\"8\"><b data-path-to-node=\"12,0\" data-index-in-node=\"0\">Comment rejoindre l&rsquo;h\u00f4tel<\/b><\/h3><p data-path-to-node=\"9\"><b data-path-to-node=\"12,1\" data-index-in-node=\"0\">En Ferry ou Hydroglisseur :<\/b><\/p><ul data-path-to-node=\"10\"><li><p data-path-to-node=\"10,0,0\"><b data-path-to-node=\"12,2,0,0\" data-index-in-node=\"0\">Depuis le port de Casamicciola (conseill\u00e9) :<\/b> L&rsquo;h\u00f4tel se trouve \u00e0 environ 5 minutes en voiture\/taxi. C&rsquo;est le port d&rsquo;arriv\u00e9e le plus proche et le plus pratique.<\/p><\/li><li><p data-path-to-node=\"10,1,0\"><b data-path-to-node=\"12,2,1,0\" data-index-in-node=\"0\">Depuis Ischia Porto :<\/b> L&rsquo;h\u00f4tel est accessible en 8 \u00e0 10 minutes environ en taxi ou en bus.<\/p><\/li><\/ul><p data-path-to-node=\"11\"><b data-path-to-node=\"12,3\" data-index-in-node=\"0\">En Bus :<\/b> Depuis les principales gares routi\u00e8res d&rsquo;Ischia Porto ou de Casamicciola, vous pouvez utiliser les lignes circulaires (CD ou CS). L&rsquo;arr\u00eat de bus se trouve \u00e0 une courte distance de l&rsquo;entr\u00e9e de l&rsquo;h\u00f4tel, sur la route principale.<\/p><p data-path-to-node=\"12\"><b data-path-to-node=\"12,4\" data-index-in-node=\"0\">Service de Transfert &amp; Navette :<\/b> Pour rendre votre arriv\u00e9e encore plus confortable, le Grifo Hotel propose un <b data-path-to-node=\"12,4\" data-index-in-node=\"110\">service de navette<\/b> depuis\/vers le centre et le port \u00e0 des horaires pr\u00e9\u00e9tablis &#8211;&gt;<a href=\"https:\/\/grifohotel.it\/fr\/transfer-ischia-porto\/\"><strong>D\u00e9couvrez notre service de navette<\/strong><\/a><\/p><hr data-path-to-node=\"13\" \/><h3 data-path-to-node=\"14\"><b data-path-to-node=\"15,0\" data-index-in-node=\"0\">COORDONN\u00c9ES ET CARTE<\/b><\/h3><p data-path-to-node=\"15\"><b data-path-to-node=\"15\" data-index-in-node=\"0\">Adresse:<\/b> Via Castiglione Monte Tabor, 29 &#8211; 80074 Casamicciola Terme (NA) <b data-path-to-node=\"15\" data-index-in-node=\"75\">Tel:<\/b> +39 081 980 182 <b data-path-to-node=\"15\" data-index-in-node=\"96\">Email:<\/b> info@grifohotel.it<\/p>\t\t\t\t\t\t\t\t<\/div>\n\t\t\t\t\t<\/div>\n\t\t\t\t<\/div>\n\t\t<div class=\"elementor-element elementor-element-67dd030 e-con-full animated-slow e-flex elementor-invisible e-con e-parent\" data-id=\"67dd030\" data-element_type=\"container\" data-e-type=\"container\" data-settings=\"{&quot;animation&quot;:&quot;fadeInUp&quot;}\">\n\t\t\t\t<div class=\"elementor-element elementor-element-52eb782 elementor-widget elementor-widget-google_maps\" data-id=\"52eb782\" data-element_type=\"widget\" data-e-type=\"widget\" data-widget_type=\"google_maps.default\">\n\t\t\t\t\t\t\t<div class=\"elementor-custom-embed\">\n\t\t\t<iframe loading=\"lazy\"\n\t\t\t\t\tsrc=\"https:\/\/maps.google.com\/maps?q=GRIFO%20HOTEL%20CHARME%20%26%20SPA&#038;t=m&#038;z=15&#038;output=embed&#038;iwloc=near\"\n\t\t\t\t\ttitle=\"GRIFO HOTEL CHARME &amp; SPA\"\n\t\t\t\t\taria-label=\"GRIFO HOTEL CHARME &amp; SPA\"\n\t\t\t><\/iframe>\n\t\t<\/div>\n\t\t\t\t\t\t<\/div>\n\t\t\t\t<\/div>\n\t\t\t\t<\/div>\n\t\t","protected":false},"excerpt":{"rendered":"<p>O\u00f9 nous trouver Une oasis de paix entre la mer et la nature verdoyante d&rsquo;Ischia Le Grifo Hotel Terme &amp; Spa b\u00e9n\u00e9ficie d&rsquo;un emplacement privil\u00e9gi\u00e9 et panoramique dans la commune de Casamicciola Terme, suspendu entre l&rsquo;azur du golfe de Naples et la v\u00e9g\u00e9tation luxuriante du mont Tabor. Notre position strat\u00e9gique vous permet de profiter d&rsquo;une [&hellip;]<\/p>\n","protected":false},"author":2,"featured_media":0,"parent":0,"menu_order":0,"comment_status":"closed","ping_status":"closed","template":"","meta":{"footnotes":""},"categories":[],"tags":[],"class_list":["post-3357","page","type-page","status-publish","hentry"],"yoast_head":"<!-- This site is optimized with the Yoast SEO plugin v26.9 - https:\/\/yoast.com\/product\/yoast-seo-wordpress\/ -->\n<title>Emplacement - Grifo Hotel<\/title>\n<meta name=\"robots\" content=\"index, follow, max-snippet:-1, max-image-preview:large, max-video-preview:-1\" \/>\n<link rel=\"canonical\" href=\"https:\/\/grifohotel.it\/dove-siamo-casamicciola-ischia\/\" \/>\n<meta property=\"og:locale\" content=\"fr_FR\" \/>\n<meta property=\"og:type\" content=\"article\" \/>\n<meta property=\"og:title\" content=\"Emplacement - Grifo Hotel\" \/>\n<meta property=\"og:description\" content=\"O\u00f9 nous trouver Une oasis de paix entre la mer et la nature verdoyante d&rsquo;Ischia Le Grifo Hotel Terme &amp; Spa b\u00e9n\u00e9ficie d&rsquo;un emplacement privil\u00e9gi\u00e9 et panoramique dans la commune de Casamicciola Terme, suspendu entre l&rsquo;azur du golfe de Naples et la v\u00e9g\u00e9tation luxuriante du mont Tabor. Notre position strat\u00e9gique vous permet de profiter d&rsquo;une [&hellip;]\" \/>\n<meta property=\"og:url\" content=\"https:\/\/grifohotel.it\/dove-siamo-casamicciola-ischia\/\" \/>\n<meta property=\"og:site_name\" content=\"Grifo Hotel\" \/>\n<meta property=\"article:modified_time\" content=\"2026-02-24T17:06:29+00:00\" \/>\n<meta name=\"twitter:card\" content=\"summary_large_image\" \/>\n<meta name=\"twitter:label1\" content=\"Dur\u00e9e de lecture estim\u00e9e\" \/>\n\t<meta name=\"twitter:data1\" content=\"3 minutes\" \/>\n<script type=\"application\/ld+json\" class=\"yoast-schema-graph\">{\"@context\":\"https:\/\/schema.org\",\"@graph\":[{\"@type\":\"WebPage\",\"@id\":\"https:\/\/grifohotel.it\/dove-siamo-casamicciola-ischia\/\",\"url\":\"https:\/\/grifohotel.it\/dove-siamo-casamicciola-ischia\/\",\"name\":\"Emplacement - Grifo Hotel\",\"isPartOf\":{\"@id\":\"https:\/\/grifohotel.it\/#website\"},\"datePublished\":\"2024-06-29T09:46:57+00:00\",\"dateModified\":\"2026-02-24T17:06:29+00:00\",\"breadcrumb\":{\"@id\":\"https:\/\/grifohotel.it\/dove-siamo-casamicciola-ischia\/#breadcrumb\"},\"inLanguage\":\"fr-FR\",\"potentialAction\":[{\"@type\":\"ReadAction\",\"target\":[\"https:\/\/grifohotel.it\/dove-siamo-casamicciola-ischia\/\"]}]},{\"@type\":\"BreadcrumbList\",\"@id\":\"https:\/\/grifohotel.it\/dove-siamo-casamicciola-ischia\/#breadcrumb\",\"itemListElement\":[{\"@type\":\"ListItem\",\"position\":1,\"name\":\"Home\",\"item\":\"https:\/\/grifohotel.it\/en\/\"},{\"@type\":\"ListItem\",\"position\":2,\"name\":\"Emplacement\"}]},{\"@type\":\"WebSite\",\"@id\":\"https:\/\/grifohotel.it\/#website\",\"url\":\"https:\/\/grifohotel.it\/\",\"name\":\"Grifo Hotel\",\"description\":\"Hotel 4 Stelle Ischia Terme &amp; Spa\",\"publisher\":{\"@id\":\"https:\/\/grifohotel.it\/#organization\"},\"potentialAction\":[{\"@type\":\"SearchAction\",\"target\":{\"@type\":\"EntryPoint\",\"urlTemplate\":\"https:\/\/grifohotel.it\/?s={search_term_string}\"},\"query-input\":{\"@type\":\"PropertyValueSpecification\",\"valueRequired\":true,\"valueName\":\"search_term_string\"}}],\"inLanguage\":\"fr-FR\"},{\"@type\":\"Organization\",\"@id\":\"https:\/\/grifohotel.it\/#organization\",\"name\":\"Grifo Hotel\",\"url\":\"https:\/\/grifohotel.it\/\",\"logo\":{\"@type\":\"ImageObject\",\"inLanguage\":\"fr-FR\",\"@id\":\"https:\/\/grifohotel.it\/#\/schema\/logo\/image\/\",\"url\":\"https:\/\/grifohotel.it\/wp-content\/uploads\/2026\/01\/logo.png\",\"contentUrl\":\"https:\/\/grifohotel.it\/wp-content\/uploads\/2026\/01\/logo.png\",\"width\":464,\"height\":104,\"caption\":\"Grifo Hotel\"},\"image\":{\"@id\":\"https:\/\/grifohotel.it\/#\/schema\/logo\/image\/\"}}]}<\/script>\n<!-- \/ Yoast SEO plugin. -->","yoast_head_json":{"title":"Emplacement - Grifo Hotel","robots":{"index":"index","follow":"follow","max-snippet":"max-snippet:-1","max-image-preview":"max-image-preview:large","max-video-preview":"max-video-preview:-1"},"canonical":"https:\/\/grifohotel.it\/dove-siamo-casamicciola-ischia\/","og_locale":"fr_FR","og_type":"article","og_title":"Emplacement - Grifo Hotel","og_description":"O\u00f9 nous trouver Une oasis de paix entre la mer et la nature verdoyante d&rsquo;Ischia Le Grifo Hotel Terme &amp; Spa b\u00e9n\u00e9ficie d&rsquo;un emplacement privil\u00e9gi\u00e9 et panoramique dans la commune de Casamicciola Terme, suspendu entre l&rsquo;azur du golfe de Naples et la v\u00e9g\u00e9tation luxuriante du mont Tabor. Notre position strat\u00e9gique vous permet de profiter d&rsquo;une [&hellip;]","og_url":"https:\/\/grifohotel.it\/dove-siamo-casamicciola-ischia\/","og_site_name":"Grifo Hotel","article_modified_time":"2026-02-24T17:06:29+00:00","twitter_card":"summary_large_image","twitter_misc":{"Dur\u00e9e de lecture estim\u00e9e":"3 minutes"},"schema":{"@context":"https:\/\/schema.org","@graph":[{"@type":"WebPage","@id":"https:\/\/grifohotel.it\/dove-siamo-casamicciola-ischia\/","url":"https:\/\/grifohotel.it\/dove-siamo-casamicciola-ischia\/","name":"Emplacement - Grifo Hotel","isPartOf":{"@id":"https:\/\/grifohotel.it\/#website"},"datePublished":"2024-06-29T09:46:57+00:00","dateModified":"2026-02-24T17:06:29+00:00","breadcrumb":{"@id":"https:\/\/grifohotel.it\/dove-siamo-casamicciola-ischia\/#breadcrumb"},"inLanguage":"fr-FR","potentialAction":[{"@type":"ReadAction","target":["https:\/\/grifohotel.it\/dove-siamo-casamicciola-ischia\/"]}]},{"@type":"BreadcrumbList","@id":"https:\/\/grifohotel.it\/dove-siamo-casamicciola-ischia\/#breadcrumb","itemListElement":[{"@type":"ListItem","position":1,"name":"Home","item":"https:\/\/grifohotel.it\/en\/"},{"@type":"ListItem","position":2,"name":"Emplacement"}]},{"@type":"WebSite","@id":"https:\/\/grifohotel.it\/#website","url":"https:\/\/grifohotel.it\/","name":"Grifo Hotel","description":"Hotel 4 Stelle Ischia Terme &amp; Spa","publisher":{"@id":"https:\/\/grifohotel.it\/#organization"},"potentialAction":[{"@type":"SearchAction","target":{"@type":"EntryPoint","urlTemplate":"https:\/\/grifohotel.it\/?s={search_term_string}"},"query-input":{"@type":"PropertyValueSpecification","valueRequired":true,"valueName":"search_term_string"}}],"inLanguage":"fr-FR"},{"@type":"Organization","@id":"https:\/\/grifohotel.it\/#organization","name":"Grifo Hotel","url":"https:\/\/grifohotel.it\/","logo":{"@type":"ImageObject","inLanguage":"fr-FR","@id":"https:\/\/grifohotel.it\/#\/schema\/logo\/image\/","url":"https:\/\/grifohotel.it\/wp-content\/uploads\/2026\/01\/logo.png","contentUrl":"https:\/\/grifohotel.it\/wp-content\/uploads\/2026\/01\/logo.png","width":464,"height":104,"caption":"Grifo Hotel"},"image":{"@id":"https:\/\/grifohotel.it\/#\/schema\/logo\/image\/"}}]}},"_links":{"self":[{"href":"https:\/\/grifohotel.it\/fr\/wp-json\/wp\/v2\/pages\/3357","targetHints":{"allow":["GET"]}}],"collection":[{"href":"https:\/\/grifohotel.it\/fr\/wp-json\/wp\/v2\/pages"}],"about":[{"href":"https:\/\/grifohotel.it\/fr\/wp-json\/wp\/v2\/types\/page"}],"author":[{"embeddable":true,"href":"https:\/\/grifohotel.it\/fr\/wp-json\/wp\/v2\/users\/2"}],"replies":[{"embeddable":true,"href":"https:\/\/grifohotel.it\/fr\/wp-json\/wp\/v2\/comments?post=3357"}],"version-history":[{"count":6,"href":"https:\/\/grifohotel.it\/fr\/wp-json\/wp\/v2\/pages\/3357\/revisions"}],"predecessor-version":[{"id":3662,"href":"https:\/\/grifohotel.it\/fr\/wp-json\/wp\/v2\/pages\/3357\/revisions\/3662"}],"wp:attachment":[{"href":"https:\/\/grifohotel.it\/fr\/wp-json\/wp\/v2\/media?parent=3357"}],"wp:term":[{"taxonomy":"category","embeddable":true,"href":"https:\/\/grifohotel.it\/fr\/wp-json\/wp\/v2\/categories?post=3357"},{"taxonomy":"post_tag","embeddable":true,"href":"https:\/\/grifohotel.it\/fr\/wp-json\/wp\/v2\/tags?post=3357"}],"curies":[{"name":"wp","href":"https:\/\/api.w.org\/{rel}","templated":true}]}}