{"id":2667,"date":"2024-06-29T09:46:57","date_gmt":"2024-06-29T09:46:57","guid":{"rendered":"https:\/\/grifohotel.it\/dove-siamo-casamicciola-ischia\/"},"modified":"2026-02-23T11:56:39","modified_gmt":"2026-02-23T11:56:39","slug":"lage","status":"publish","type":"page","link":"https:\/\/grifohotel.it\/de\/lage\/","title":{"rendered":"Wo sind wir"},"content":{"rendered":"\t\t<div data-elementor-type=\"wp-page\" data-elementor-id=\"2667\" class=\"elementor elementor-2667 elementor-528\" data-elementor-post-type=\"page\">\n\t\t\t\t<div class=\"elementor-element elementor-element-e55ab6e e-con-full e-flex e-con e-parent\" data-id=\"e55ab6e\" data-element_type=\"container\" data-e-type=\"container\" data-settings=\"{&quot;background_background&quot;:&quot;classic&quot;}\">\n\t\t\t\t<div class=\"elementor-element elementor-element-8a23444 elementor--h-position-center elementor--v-position-middle elementor-widget elementor-widget-slides\" data-id=\"8a23444\" data-element_type=\"widget\" data-e-type=\"widget\" data-settings=\"{&quot;navigation&quot;:&quot;none&quot;,&quot;transition&quot;:&quot;fade&quot;,&quot;autoplay&quot;:&quot;yes&quot;,&quot;pause_on_hover&quot;:&quot;yes&quot;,&quot;pause_on_interaction&quot;:&quot;yes&quot;,&quot;autoplay_speed&quot;:5000,&quot;infinite&quot;:&quot;yes&quot;,&quot;transition_speed&quot;:500}\" data-widget_type=\"slides.default\">\n\t\t\t\t\t\t\t\t\t\t<div class=\"elementor-slides-wrapper elementor-main-swiper swiper\" role=\"region\" aria-roledescription=\"carousel\" aria-label=\"Slides\" dir=\"ltr\" data-animation=\"\">\n\t\t\t\t<div class=\"swiper-wrapper elementor-slides\">\n\t\t\t\t\t\t\t\t\t\t<div class=\"elementor-repeater-item-7692f66 swiper-slide\" role=\"group\" aria-roledescription=\"slide\"><div class=\"swiper-slide-bg elementor-ken-burns elementor-ken-burns--in\" role=\"img\" aria-label=\"DJI_0849AA2025\"><\/div><div class=\"elementor-background-overlay\"><\/div><div class=\"swiper-slide-inner\" ><div class=\"swiper-slide-contents\"><div class=\"elementor-slide-heading\">Lage & Anreise<\/div><\/div><\/div><\/div>\t\t\t\t<\/div>\n\t\t\t\t\t\t\t<\/div>\n\t\t\t\t\t\t\t\t<\/div>\n\t\t\t\t<\/div>\n\t\t<div class=\"elementor-element elementor-element-21c8aaf e-flex e-con-boxed e-con e-parent\" data-id=\"21c8aaf\" data-element_type=\"container\" data-e-type=\"container\" data-settings=\"{&quot;shape_divider_top&quot;:&quot;tilt&quot;}\">\n\t\t\t\t\t<div class=\"e-con-inner\">\n\t\t\t\t<div class=\"elementor-shape elementor-shape-top\" aria-hidden=\"true\" data-negative=\"false\">\n\t\t\t<svg xmlns=\"http:\/\/www.w3.org\/2000\/svg\" viewBox=\"0 0 1000 100\" preserveAspectRatio=\"none\">\n\t<path class=\"elementor-shape-fill\" d=\"M0,6V0h1000v100L0,6z\"\/>\n<\/svg>\t\t<\/div>\n\t\t\t\t<div class=\"elementor-element elementor-element-34ef82d elementor-widget elementor-widget-heading\" data-id=\"34ef82d\" data-element_type=\"widget\" data-e-type=\"widget\" data-widget_type=\"heading.default\">\n\t\t\t\t\t<h2 class=\"elementor-heading-title elementor-size-default\">Eine Oase der Ruhe zwischen dem Meer und dem Gr\u00fcn von Ischia<\/h2>\t\t\t\t<\/div>\n\t\t\t\t\t<\/div>\n\t\t\t\t<\/div>\n\t\t<div class=\"elementor-element elementor-element-b4e44ad e-flex e-con-boxed e-con e-parent\" data-id=\"b4e44ad\" data-element_type=\"container\" data-e-type=\"container\">\n\t\t\t\t\t<div class=\"e-con-inner\">\n\t\t<div class=\"elementor-element elementor-element-555ae0f e-con-full e-flex e-con e-child\" data-id=\"555ae0f\" data-element_type=\"container\" data-e-type=\"container\">\n\t\t\t\t<div class=\"elementor-element elementor-element-fb6f991 elementor--h-position-center elementor--v-position-middle elementor-arrows-position-inside elementor-widget elementor-widget-slides\" data-id=\"fb6f991\" data-element_type=\"widget\" data-e-type=\"widget\" data-settings=\"{&quot;navigation&quot;:&quot;arrows&quot;,&quot;autoplay&quot;:&quot;yes&quot;,&quot;autoplay_speed&quot;:5000,&quot;infinite&quot;:&quot;yes&quot;,&quot;transition&quot;:&quot;slide&quot;,&quot;transition_speed&quot;:500}\" data-widget_type=\"slides.default\">\n\t\t\t\t\t\t\t\t\t\t<div class=\"elementor-slides-wrapper elementor-main-swiper swiper\" role=\"region\" aria-roledescription=\"carousel\" aria-label=\"Slides\" dir=\"ltr\" data-animation=\"fadeInUp\">\n\t\t\t\t<div class=\"swiper-wrapper elementor-slides\">\n\t\t\t\t\t\t\t\t\t\t<div class=\"elementor-repeater-item-8efd1d8 swiper-slide\" role=\"group\" aria-roledescription=\"slide\"><div class=\"swiper-slide-bg\" role=\"img\" aria-label=\"_DSC0017AAC2025\"><\/div><div class=\"swiper-slide-inner\" ><div class=\"swiper-slide-contents\"><\/div><\/div><\/div><div class=\"elementor-repeater-item-a08ee63 swiper-slide\" role=\"group\" aria-roledescription=\"slide\"><div class=\"swiper-slide-bg\" role=\"img\" aria-label=\"DJI_0833AA2025\"><\/div><div class=\"swiper-slide-inner\" ><div class=\"swiper-slide-contents\"><\/div><\/div><\/div><div class=\"elementor-repeater-item-a52f582 swiper-slide\" role=\"group\" aria-roledescription=\"slide\"><div class=\"swiper-slide-bg\" role=\"img\" aria-label=\"DJI_0084AA2025\"><\/div><div class=\"swiper-slide-inner\" ><div class=\"swiper-slide-contents\"><\/div><\/div><\/div>\t\t\t\t<\/div>\n\t\t\t\t\t\t\t\t\t\t\t\t\t\t\t<div class=\"elementor-swiper-button elementor-swiper-button-prev\" role=\"button\" tabindex=\"0\" aria-label=\"Vorheriger Slide\">\n\t\t\t\t\t\t\t<svg aria-hidden=\"true\" class=\"e-font-icon-svg e-eicon-chevron-left\" viewBox=\"0 0 1000 1000\" xmlns=\"http:\/\/www.w3.org\/2000\/svg\"><path d=\"M646 125C629 125 613 133 604 142L308 442C296 454 292 471 292 487 292 504 296 521 308 533L604 854C617 867 629 875 646 875 663 875 679 871 692 858 704 846 713 829 713 812 713 796 708 779 692 767L438 487 692 225C700 217 708 204 708 187 708 171 704 154 692 142 675 129 663 125 646 125Z\"><\/path><\/svg>\t\t\t\t\t\t<\/div>\n\t\t\t\t\t\t<div class=\"elementor-swiper-button elementor-swiper-button-next\" role=\"button\" tabindex=\"0\" aria-label=\"N\u00e4chster Slide\">\n\t\t\t\t\t\t\t<svg aria-hidden=\"true\" class=\"e-font-icon-svg e-eicon-chevron-right\" viewBox=\"0 0 1000 1000\" xmlns=\"http:\/\/www.w3.org\/2000\/svg\"><path d=\"M696 533C708 521 713 504 713 487 713 471 708 454 696 446L400 146C388 133 375 125 354 125 338 125 325 129 313 142 300 154 292 171 292 187 292 204 296 221 308 233L563 492 304 771C292 783 288 800 288 817 288 833 296 850 308 863 321 871 338 875 354 875 371 875 388 867 400 854L696 533Z\"><\/path><\/svg>\t\t\t\t\t\t<\/div>\n\t\t\t\t\t\t\t\t\t\t\t\t\t\t\t\t\t<\/div>\n\t\t\t\t\t\t\t\t<\/div>\n\t\t\t\t<\/div>\n\t\t<div class=\"elementor-element elementor-element-4117e30 e-con-full e-flex e-con e-child\" data-id=\"4117e30\" data-element_type=\"container\" data-e-type=\"container\">\n\t\t\t\t<div class=\"elementor-element elementor-element-c125a0d elementor-widget elementor-widget-text-editor\" data-id=\"c125a0d\" data-element_type=\"widget\" data-e-type=\"widget\" data-settings=\"{&quot;_animation&quot;:&quot;none&quot;}\" data-widget_type=\"text-editor.default\">\n\t\t\t\t\t\t\t\t\t<p data-path-to-node=\"4\">Das <b data-path-to-node=\"4\" data-index-in-node=\"4\">Grifo Hotel Terme &amp; Spa<\/b> genie\u00dft eine privilegierte Panoramalage in der Gemeinde <b data-path-to-node=\"4\" data-index-in-node=\"84\">Casamicciola Terme<\/b>, eingebettet zwischen dem Azurblau des Golfs von Neapel und dem \u00fcppigen Gr\u00fcn des Monte Tabor. Unsere strategische Lage bietet Ihnen absolute Ruhe, w\u00e4hrend Sie gleichzeitig die wichtigsten Sehensw\u00fcrdigkeiten der Insel in k\u00fcrzester Zeit erreichen.<\/p><h4 data-path-to-node=\"5\"><b data-path-to-node=\"5\" data-index-in-node=\"0\">In unserer N\u00e4he:<\/b><\/h4><ul data-path-to-node=\"6\"><li><p data-path-to-node=\"6,0,0\"><b data-path-to-node=\"6,0,0\" data-index-in-node=\"0\">Thermalpark Castiglione:<\/b> Nur 5 Gehminuten (ca. 500 m) entfernt. Tauchen Sie ein in die ber\u00fchmten Heilwasser eines der sch\u00f6nsten Parks der Insel.<\/p><\/li><li><p data-path-to-node=\"6,1,0\"><b data-path-to-node=\"6,1,0\" data-index-in-node=\"0\">Ischia Porto:<\/b> Das Zentrum f\u00fcr Shopping und Nachtleben ist ca. 1,5 km entfernt \u2013 erreichbar in wenigen Minuten mit dem Auto oder durch einen angenehmen 18-min\u00fctigen Spaziergang.<\/p><\/li><li><p data-path-to-node=\"6,2,0\"><b data-path-to-node=\"6,2,0\" data-index-in-node=\"0\">Str\u00e4nde:<\/b> Der Strand \u201eSpiaggia del Convento\u201c und unsere Partner-Strandb\u00e4der liegen in ca. 1 km Entfernung und sind bequem mit unserem <b data-path-to-node=\"6,2,0\" data-index-in-node=\"133\">kostenlosen Shuttle-Service<\/b> erreichbar (verf\u00fcgbar in den Sommermonaten).<\/p><\/li><li><p data-path-to-node=\"6,3,0\"><b data-path-to-node=\"6,3,0\" data-index-in-node=\"0\">Sehensw\u00fcrdigkeiten:<\/b> In kurzer Zeit erreichen Sie die botanischen G\u00e4rten <b data-path-to-node=\"6,3,0\" data-index-in-node=\"72\">La Mortella<\/b>, den <b data-path-to-node=\"6,3,0\" data-index-in-node=\"89\">Negombo-Park<\/b> und das majest\u00e4tische <b data-path-to-node=\"6,3,0\" data-index-in-node=\"124\">Castello Aragonese<\/b>.<\/p><\/li><\/ul>\t\t\t\t\t\t\t\t<\/div>\n\t\t\t\t<\/div>\n\t\t\t\t\t<\/div>\n\t\t\t\t<\/div>\n\t\t<div class=\"elementor-element elementor-element-c2d3cc6 e-flex e-con-boxed e-con e-parent\" data-id=\"c2d3cc6\" data-element_type=\"container\" data-e-type=\"container\">\n\t\t\t\t\t<div class=\"e-con-inner\">\n\t\t\t\t<div class=\"elementor-element elementor-element-9c96737 elementor-widget elementor-widget-text-editor\" data-id=\"9c96737\" data-element_type=\"widget\" data-e-type=\"widget\" data-widget_type=\"text-editor.default\">\n\t\t\t\t\t\t\t\t\t<h3 data-path-to-node=\"1\">\u00a0<\/h3><h3 data-path-to-node=\"8\"><b data-path-to-node=\"8\" data-index-in-node=\"0\">Anreise auf die Insel<\/b><\/h3><ul data-path-to-node=\"9\"><li><p data-path-to-node=\"9,0,0\"><b data-path-to-node=\"9,0,0\" data-index-in-node=\"0\">Mit dem Zug:<\/b> Fahren Sie bis zum Bahnhof <i data-path-to-node=\"9,0,0\" data-index-in-node=\"40\">Napoli Centrale<\/i> oder <i data-path-to-node=\"9,0,0\" data-index-in-node=\"61\">Napoli Mergellina<\/i>. Von dort erreichen Sie die H\u00e4fen <i data-path-to-node=\"9,0,0\" data-index-in-node=\"113\">Molo Beverello<\/i> (Tragfl\u00e4chenboote\/Aliscafi) oder <i data-path-to-node=\"9,0,0\" data-index-in-node=\"161\">Calata Porta di Massa<\/i> (F\u00e4hren) bequem per Taxi oder U-Bahn.<\/p><\/li><li><p data-path-to-node=\"9,1,0\"><b data-path-to-node=\"9,1,0\" data-index-in-node=\"0\">Mit dem Flugzeug:<\/b> Vom Flughafen <i data-path-to-node=\"9,1,0\" data-index-in-node=\"32\">Neapel Capodichino<\/i> bringt Sie der \u201eAlibus\u201c in ca. 20\u201330 Minuten direkt zu den Einschiffungsh\u00e4fen im Hafen von Neapel.<\/p><\/li><li><p data-path-to-node=\"9,2,0\"><b data-path-to-node=\"9,2,0\" data-index-in-node=\"0\">Mit dem Auto:<\/b> Fahren Sie zum Hafen von Neapel (<i data-path-to-node=\"9,2,0\" data-index-in-node=\"47\">Porta di Massa<\/i>) oder \u2013 oft g\u00fcnstiger und bequemer \u2013 zum Hafen von <b data-path-to-node=\"9,2,0\" data-index-in-node=\"113\">Pozzuoli<\/b> (der n\u00e4chstgelegene Hafen zur Insel f\u00fcr Autof\u00e4hren). Nehmen Sie die F\u00e4hre nach Ischia Porto oder Casamicciola.<\/p><\/li><\/ul><blockquote data-path-to-node=\"10\"><p data-path-to-node=\"10,0\"><b data-path-to-node=\"10,0\" data-index-in-node=\"0\">Tipp f\u00fcr unsere G\u00e4ste:<\/b> Der Hafen von <b data-path-to-node=\"10,0\" data-index-in-node=\"37\">Casamicciola Terme<\/b> liegt dem Grifo Hotel am n\u00e4chsten.<\/p><\/blockquote><hr data-path-to-node=\"11\" \/><p>\u00a0<\/p>\t\t\t\t\t\t\t\t<\/div>\n\t\t\t\t<div class=\"elementor-element elementor-element-e8fa9fa elementor-widget elementor-widget-text-editor\" data-id=\"e8fa9fa\" data-element_type=\"widget\" data-e-type=\"widget\" data-settings=\"{&quot;_animation&quot;:&quot;none&quot;}\" data-widget_type=\"text-editor.default\">\n\t\t\t\t\t\t\t\t\t<h3 data-path-to-node=\"12\"><b data-path-to-node=\"12\" data-index-in-node=\"0\">So erreichen Sie das Hotel<\/b><\/h3><p data-path-to-node=\"13\"><b data-path-to-node=\"13\" data-index-in-node=\"0\">Mit der F\u00e4hre oder dem Tragfl\u00e4chenboot:<\/b><\/p><ul data-path-to-node=\"14\"><li><p data-path-to-node=\"14,0,0\"><b data-path-to-node=\"14,0,0\" data-index-in-node=\"0\">Vom Hafen Casamicciola (empfohlen):<\/b> Das Hotel ist nur ca. 5 Minuten mit dem Auto oder Taxi entfernt.<\/p><\/li><li><p data-path-to-node=\"14,1,0\"><b data-path-to-node=\"14,1,0\" data-index-in-node=\"0\">Vom Hafen Ischia Porto:<\/b> Sie erreichen das Hotel in etwa 8\u201310 Minuten mit dem Taxi oder Bus.<\/p><\/li><\/ul><p data-path-to-node=\"15\"><b data-path-to-node=\"15\" data-index-in-node=\"0\">Mit dem Bus:<\/b> Von den Busbahnh\u00f6fen in Ischia Porto oder Casamicciola k\u00f6nnen Sie die Ringlinien <b data-path-to-node=\"15\" data-index-in-node=\"94\">CD<\/b> oder <b data-path-to-node=\"15\" data-index-in-node=\"102\">CS<\/b> nutzen. Die Haltestelle befindet sich in unmittelbarer N\u00e4he des Hoteleingangs an der Hauptstra\u00dfe.<\/p><p data-path-to-node=\"16\"><b data-path-to-node=\"16\" data-index-in-node=\"0\">Transfer- &amp; Shuttle-Service:<\/b> Um Ihre Ankunft so entspannt wie m\u00f6glich zu gestalten, bietet das Grifo Hotel zu festen Zeiten einen Shuttle-Service vom\/zum Zentrum und Hafen an. \u2013&gt; <b data-path-to-node=\"16\" data-index-in-node=\"179\">Entdecken Sie unseren Shuttle-Service<\/b><\/p><hr data-path-to-node=\"17\" \/><h3 data-path-to-node=\"18\"><b data-path-to-node=\"18\" data-index-in-node=\"0\">KOORDINATEN &amp; KARTE<\/b><\/h3><ul data-path-to-node=\"19\"><li><p data-path-to-node=\"19,0,0\"><b data-path-to-node=\"19,0,0\" data-index-in-node=\"0\">Adresse:<\/b> Via Castiglione Monte Tabor, 29 \u2013 80074 Casamicciola Terme (NA)<\/p><\/li><li><p data-path-to-node=\"19,1,0\"><b data-path-to-node=\"19,1,0\" data-index-in-node=\"0\">Tel:<\/b> +39 081 980 182<\/p><\/li><li><p data-path-to-node=\"19,2,0\"><b data-path-to-node=\"19,2,0\" data-index-in-node=\"0\">E-Mail:<\/b> info@grifohotel.it<\/p><\/li><\/ul>\t\t\t\t\t\t\t\t<\/div>\n\t\t\t\t\t<\/div>\n\t\t\t\t<\/div>\n\t\t<div class=\"elementor-element elementor-element-4db8fe0 e-con-full animated-slow e-flex elementor-invisible e-con e-parent\" data-id=\"4db8fe0\" data-element_type=\"container\" data-e-type=\"container\" data-settings=\"{&quot;animation&quot;:&quot;fadeInUp&quot;}\">\n\t\t\t\t<div class=\"elementor-element elementor-element-bdba341 elementor-widget elementor-widget-google_maps\" data-id=\"bdba341\" data-element_type=\"widget\" data-e-type=\"widget\" data-widget_type=\"google_maps.default\">\n\t\t\t\t\t\t\t<div class=\"elementor-custom-embed\">\n\t\t\t<iframe loading=\"lazy\"\n\t\t\t\t\tsrc=\"https:\/\/maps.google.com\/maps?q=GRIFO%20HOTEL%20CHARME%20%26%20SPA&#038;t=m&#038;z=15&#038;output=embed&#038;iwloc=near\"\n\t\t\t\t\ttitle=\"GRIFO HOTEL CHARME &amp; SPA\"\n\t\t\t\t\taria-label=\"GRIFO HOTEL CHARME &amp; SPA\"\n\t\t\t><\/iframe>\n\t\t<\/div>\n\t\t\t\t\t\t<\/div>\n\t\t\t\t<\/div>\n\t\t\t\t<\/div>\n\t\t","protected":false},"excerpt":{"rendered":"<p>Lage &#038; Anreise Eine Oase der Ruhe zwischen dem Meer und dem Gr\u00fcn von Ischia Das Grifo Hotel Terme &amp; Spa genie\u00dft eine privilegierte Panoramalage in der Gemeinde Casamicciola Terme, eingebettet zwischen dem Azurblau des Golfs von Neapel und dem \u00fcppigen Gr\u00fcn des Monte Tabor. Unsere strategische Lage bietet Ihnen absolute Ruhe, w\u00e4hrend Sie gleichzeitig [&hellip;]<\/p>\n","protected":false},"author":2,"featured_media":0,"parent":0,"menu_order":0,"comment_status":"closed","ping_status":"closed","template":"","meta":{"footnotes":""},"categories":[],"tags":[],"class_list":["post-2667","page","type-page","status-publish","hentry"],"yoast_head":"<!-- This site is optimized with the Yoast SEO plugin v26.9 - https:\/\/yoast.com\/product\/yoast-seo-wordpress\/ -->\n<title>Wo wir uns befinden \u2013 So erreichen Sie das Grifo Hotel<\/title>\n<meta name=\"description\" content=\"Wegbeschreibung und Karten f\u00fcr die einfache Anreise zu Ihrem Hotel in Casamicciola Terme vom Hafen von Ischia oder Casamicciola aus.\" \/>\n<meta name=\"robots\" content=\"index, follow, max-snippet:-1, max-image-preview:large, max-video-preview:-1\" \/>\n<link rel=\"canonical\" href=\"https:\/\/grifohotel.it\/dove-siamo-casamicciola-ischia\/\" \/>\n<meta property=\"og:locale\" content=\"de_DE\" \/>\n<meta property=\"og:type\" content=\"article\" \/>\n<meta property=\"og:title\" content=\"Wo wir uns befinden \u2013 So erreichen Sie das Grifo Hotel\" \/>\n<meta property=\"og:description\" content=\"Wegbeschreibung und Karten f\u00fcr die einfache Anreise zu Ihrem Hotel in Casamicciola Terme vom Hafen von Ischia oder Casamicciola aus.\" \/>\n<meta property=\"og:url\" content=\"https:\/\/grifohotel.it\/dove-siamo-casamicciola-ischia\/\" \/>\n<meta property=\"og:site_name\" content=\"Grifo Hotel\" \/>\n<meta property=\"article:modified_time\" content=\"2026-02-23T11:56:39+00:00\" \/>\n<meta name=\"twitter:card\" content=\"summary_large_image\" \/>\n<meta name=\"twitter:label1\" content=\"Gesch\u00e4tzte Lesezeit\" \/>\n\t<meta name=\"twitter:data1\" content=\"3\u00a0Minuten\" \/>\n<script type=\"application\/ld+json\" class=\"yoast-schema-graph\">{\"@context\":\"https:\/\/schema.org\",\"@graph\":[{\"@type\":\"WebPage\",\"@id\":\"https:\/\/grifohotel.it\/dove-siamo-casamicciola-ischia\/\",\"url\":\"https:\/\/grifohotel.it\/dove-siamo-casamicciola-ischia\/\",\"name\":\"Wo wir uns befinden \u2013 So erreichen Sie das Grifo Hotel\",\"isPartOf\":{\"@id\":\"https:\/\/grifohotel.it\/#website\"},\"datePublished\":\"2024-06-29T09:46:57+00:00\",\"dateModified\":\"2026-02-23T11:56:39+00:00\",\"description\":\"Wegbeschreibung und Karten f\u00fcr die einfache Anreise zu Ihrem Hotel in Casamicciola Terme vom Hafen von Ischia oder Casamicciola aus.\",\"breadcrumb\":{\"@id\":\"https:\/\/grifohotel.it\/dove-siamo-casamicciola-ischia\/#breadcrumb\"},\"inLanguage\":\"de\",\"potentialAction\":[{\"@type\":\"ReadAction\",\"target\":[\"https:\/\/grifohotel.it\/dove-siamo-casamicciola-ischia\/\"]}]},{\"@type\":\"BreadcrumbList\",\"@id\":\"https:\/\/grifohotel.it\/dove-siamo-casamicciola-ischia\/#breadcrumb\",\"itemListElement\":[{\"@type\":\"ListItem\",\"position\":1,\"name\":\"Home\",\"item\":\"https:\/\/grifohotel.it\/en\/\"},{\"@type\":\"ListItem\",\"position\":2,\"name\":\"Wo sind wir\"}]},{\"@type\":\"WebSite\",\"@id\":\"https:\/\/grifohotel.it\/#website\",\"url\":\"https:\/\/grifohotel.it\/\",\"name\":\"Grifo Hotel\",\"description\":\"Hotel 4 Stelle Ischia Terme &amp; Spa\",\"publisher\":{\"@id\":\"https:\/\/grifohotel.it\/#organization\"},\"potentialAction\":[{\"@type\":\"SearchAction\",\"target\":{\"@type\":\"EntryPoint\",\"urlTemplate\":\"https:\/\/grifohotel.it\/?s={search_term_string}\"},\"query-input\":{\"@type\":\"PropertyValueSpecification\",\"valueRequired\":true,\"valueName\":\"search_term_string\"}}],\"inLanguage\":\"de\"},{\"@type\":\"Organization\",\"@id\":\"https:\/\/grifohotel.it\/#organization\",\"name\":\"Grifo Hotel\",\"url\":\"https:\/\/grifohotel.it\/\",\"logo\":{\"@type\":\"ImageObject\",\"inLanguage\":\"de\",\"@id\":\"https:\/\/grifohotel.it\/#\/schema\/logo\/image\/\",\"url\":\"https:\/\/grifohotel.it\/wp-content\/uploads\/2026\/01\/logo.png\",\"contentUrl\":\"https:\/\/grifohotel.it\/wp-content\/uploads\/2026\/01\/logo.png\",\"width\":464,\"height\":104,\"caption\":\"Grifo Hotel\"},\"image\":{\"@id\":\"https:\/\/grifohotel.it\/#\/schema\/logo\/image\/\"}}]}<\/script>\n<!-- \/ Yoast SEO plugin. -->","yoast_head_json":{"title":"Wo wir uns befinden \u2013 So erreichen Sie das Grifo Hotel","description":"Wegbeschreibung und Karten f\u00fcr die einfache Anreise zu Ihrem Hotel in Casamicciola Terme vom Hafen von Ischia oder Casamicciola aus.","robots":{"index":"index","follow":"follow","max-snippet":"max-snippet:-1","max-image-preview":"max-image-preview:large","max-video-preview":"max-video-preview:-1"},"canonical":"https:\/\/grifohotel.it\/dove-siamo-casamicciola-ischia\/","og_locale":"de_DE","og_type":"article","og_title":"Wo wir uns befinden \u2013 So erreichen Sie das Grifo Hotel","og_description":"Wegbeschreibung und Karten f\u00fcr die einfache Anreise zu Ihrem Hotel in Casamicciola Terme vom Hafen von Ischia oder Casamicciola aus.","og_url":"https:\/\/grifohotel.it\/dove-siamo-casamicciola-ischia\/","og_site_name":"Grifo Hotel","article_modified_time":"2026-02-23T11:56:39+00:00","twitter_card":"summary_large_image","twitter_misc":{"Gesch\u00e4tzte Lesezeit":"3\u00a0Minuten"},"schema":{"@context":"https:\/\/schema.org","@graph":[{"@type":"WebPage","@id":"https:\/\/grifohotel.it\/dove-siamo-casamicciola-ischia\/","url":"https:\/\/grifohotel.it\/dove-siamo-casamicciola-ischia\/","name":"Wo wir uns befinden \u2013 So erreichen Sie das Grifo Hotel","isPartOf":{"@id":"https:\/\/grifohotel.it\/#website"},"datePublished":"2024-06-29T09:46:57+00:00","dateModified":"2026-02-23T11:56:39+00:00","description":"Wegbeschreibung und Karten f\u00fcr die einfache Anreise zu Ihrem Hotel in Casamicciola Terme vom Hafen von Ischia oder Casamicciola aus.","breadcrumb":{"@id":"https:\/\/grifohotel.it\/dove-siamo-casamicciola-ischia\/#breadcrumb"},"inLanguage":"de","potentialAction":[{"@type":"ReadAction","target":["https:\/\/grifohotel.it\/dove-siamo-casamicciola-ischia\/"]}]},{"@type":"BreadcrumbList","@id":"https:\/\/grifohotel.it\/dove-siamo-casamicciola-ischia\/#breadcrumb","itemListElement":[{"@type":"ListItem","position":1,"name":"Home","item":"https:\/\/grifohotel.it\/en\/"},{"@type":"ListItem","position":2,"name":"Wo sind wir"}]},{"@type":"WebSite","@id":"https:\/\/grifohotel.it\/#website","url":"https:\/\/grifohotel.it\/","name":"Grifo Hotel","description":"Hotel 4 Stelle Ischia Terme &amp; Spa","publisher":{"@id":"https:\/\/grifohotel.it\/#organization"},"potentialAction":[{"@type":"SearchAction","target":{"@type":"EntryPoint","urlTemplate":"https:\/\/grifohotel.it\/?s={search_term_string}"},"query-input":{"@type":"PropertyValueSpecification","valueRequired":true,"valueName":"search_term_string"}}],"inLanguage":"de"},{"@type":"Organization","@id":"https:\/\/grifohotel.it\/#organization","name":"Grifo Hotel","url":"https:\/\/grifohotel.it\/","logo":{"@type":"ImageObject","inLanguage":"de","@id":"https:\/\/grifohotel.it\/#\/schema\/logo\/image\/","url":"https:\/\/grifohotel.it\/wp-content\/uploads\/2026\/01\/logo.png","contentUrl":"https:\/\/grifohotel.it\/wp-content\/uploads\/2026\/01\/logo.png","width":464,"height":104,"caption":"Grifo Hotel"},"image":{"@id":"https:\/\/grifohotel.it\/#\/schema\/logo\/image\/"}}]}},"_links":{"self":[{"href":"https:\/\/grifohotel.it\/de\/wp-json\/wp\/v2\/pages\/2667","targetHints":{"allow":["GET"]}}],"collection":[{"href":"https:\/\/grifohotel.it\/de\/wp-json\/wp\/v2\/pages"}],"about":[{"href":"https:\/\/grifohotel.it\/de\/wp-json\/wp\/v2\/types\/page"}],"author":[{"embeddable":true,"href":"https:\/\/grifohotel.it\/de\/wp-json\/wp\/v2\/users\/2"}],"replies":[{"embeddable":true,"href":"https:\/\/grifohotel.it\/de\/wp-json\/wp\/v2\/comments?post=2667"}],"version-history":[{"count":6,"href":"https:\/\/grifohotel.it\/de\/wp-json\/wp\/v2\/pages\/2667\/revisions"}],"predecessor-version":[{"id":3333,"href":"https:\/\/grifohotel.it\/de\/wp-json\/wp\/v2\/pages\/2667\/revisions\/3333"}],"wp:attachment":[{"href":"https:\/\/grifohotel.it\/de\/wp-json\/wp\/v2\/media?parent=2667"}],"wp:term":[{"taxonomy":"category","embeddable":true,"href":"https:\/\/grifohotel.it\/de\/wp-json\/wp\/v2\/categories?post=2667"},{"taxonomy":"post_tag","embeddable":true,"href":"https:\/\/grifohotel.it\/de\/wp-json\/wp\/v2\/tags?post=2667"}],"curies":[{"name":"wp","href":"https:\/\/api.w.org\/{rel}","templated":true}]}}