{"id":2630,"date":"2026-01-28T10:46:58","date_gmt":"2026-01-28T10:46:58","guid":{"rendered":"https:\/\/grifohotel.it\/trattamenti-bellezza-massaggi\/"},"modified":"2026-02-23T11:47:18","modified_gmt":"2026-02-23T11:47:18","slug":"anwendungen","status":"publish","type":"page","link":"https:\/\/grifohotel.it\/de\/anwendungen\/","title":{"rendered":"Ganzheitliches Wohlbefinden"},"content":{"rendered":"\t\t<div data-elementor-type=\"wp-page\" data-elementor-id=\"2630\" class=\"elementor elementor-2630 elementor-1681\" data-elementor-post-type=\"page\">\n\t\t\t\t<div class=\"elementor-element elementor-element-73e1dc4 e-con-full e-flex e-con e-parent\" data-id=\"73e1dc4\" data-element_type=\"container\" data-e-type=\"container\" data-settings=\"{&quot;background_background&quot;:&quot;classic&quot;}\">\n\t\t\t\t<div class=\"elementor-element elementor-element-4b9c115 elementor--h-position-center elementor--v-position-middle elementor-arrows-position-inside elementor-pagination-position-inside elementor-widget elementor-widget-slides\" data-id=\"4b9c115\" data-element_type=\"widget\" data-e-type=\"widget\" data-settings=\"{&quot;navigation&quot;:&quot;both&quot;,&quot;transition&quot;:&quot;slide&quot;,&quot;transition_speed&quot;:500}\" data-widget_type=\"slides.default\">\n\t\t\t\t\t\t\t\t\t\t<div class=\"elementor-slides-wrapper elementor-main-swiper swiper\" role=\"region\" aria-roledescription=\"carousel\" aria-label=\"Slides\" dir=\"ltr\" data-animation=\"fadeInUp\">\n\t\t\t\t<div class=\"swiper-wrapper elementor-slides\">\n\t\t\t\t\t\t\t\t\t\t<div class=\"elementor-repeater-item-ffed541 swiper-slide\" role=\"group\" aria-roledescription=\"slide\"><div class=\"swiper-slide-bg elementor-ken-burns elementor-ken-burns--in\" role=\"img\" aria-label=\"imgi_6_17_Grifo-006\"><\/div><div class=\"swiper-slide-inner\" ><div class=\"swiper-slide-contents\"><div class=\"elementor-slide-heading\">Benessere Olistico<\/div><\/div><\/div><\/div>\t\t\t\t<\/div>\n\t\t\t\t\t\t\t<\/div>\n\t\t\t\t\t\t\t\t<\/div>\n\t\t\t\t<\/div>\n\t\t<div class=\"elementor-element elementor-element-afe0139 e-flex e-con-boxed e-con e-parent\" data-id=\"afe0139\" data-element_type=\"container\" data-e-type=\"container\" data-settings=\"{&quot;shape_divider_top&quot;:&quot;tilt&quot;}\">\n\t\t\t\t\t<div class=\"e-con-inner\">\n\t\t\t\t<div class=\"elementor-shape elementor-shape-top\" aria-hidden=\"true\" data-negative=\"false\">\n\t\t\t<svg xmlns=\"http:\/\/www.w3.org\/2000\/svg\" viewBox=\"0 0 1000 100\" preserveAspectRatio=\"none\">\n\t<path class=\"elementor-shape-fill\" d=\"M0,6V0h1000v100L0,6z\"\/>\n<\/svg>\t\t<\/div>\n\t\t\t\t<div class=\"elementor-element elementor-element-e04bbe8 elementor-widget elementor-widget-spacer\" data-id=\"e04bbe8\" data-element_type=\"widget\" data-e-type=\"widget\" data-widget_type=\"spacer.default\">\n\t\t\t\t\t\t\t<div class=\"elementor-spacer\">\n\t\t\t<div class=\"elementor-spacer-inner\"><\/div>\n\t\t<\/div>\n\t\t\t\t\t\t<\/div>\n\t\t\t\t\t<\/div>\n\t\t\t\t<\/div>\n\t\t<div class=\"elementor-element elementor-element-eaab968 e-flex e-con-boxed e-con e-parent\" data-id=\"eaab968\" data-element_type=\"container\" data-e-type=\"container\">\n\t\t\t\t\t<div class=\"e-con-inner\">\n\t\t\t\t<div class=\"elementor-element elementor-element-50d7983 elementor-widget elementor-widget-text-editor\" data-id=\"50d7983\" data-element_type=\"widget\" data-e-type=\"widget\" data-widget_type=\"text-editor.default\">\n\t\t\t\t\t\t\t\t\t<style>\n  .section-massaggi {\n    font-family: 'Noto Serif', serif;\n    max-width: 100%;\n    margin: 30px auto;\n    padding: 10px;\n    color: #333;\n  }\n  .section-massaggi h2 {\n    text-align: center;\n    font-size: 1.3rem;\n    color: #141B2B;\n    margin-bottom: 8px;\n    text-transform: uppercase;\n    line-height: 1.2;\n  }\n  .section-massaggi p {\n    font-size: 0.8rem;\n    line-height: 1.4;\n    text-align: center;\n    margin-bottom: 25px;\n    font-style: italic;\n    color: #555;\n  }\n  .table-container-massaggi {\n    overflow-x: hidden;\n  }\n  .massaggi-table {\n    width: 100%;\n    border-collapse: collapse;\n    font-size: 0.75rem;\n  }\n  .massaggi-table thead tr {\n    background-color: rgba(20, 27, 43, 0.2);\n    color: #141B2B;\n  }\n  .massaggi-table th {\n    padding: 12px 8px;\n    text-align: left;\n    text-transform: uppercase;\n    font-weight: 700;\n    letter-spacing: 0.5px;\n  }\n  .massaggi-table td {\n    padding: 10px 8px;\n    border-bottom: 1px solid #eeeeee;\n  }\n  @media screen and (max-width: 500px) {\n    .massaggi-table thead { display: none; }\n    .massaggi-table tr {\n      display: block;\n      margin-bottom: 15px;\n      border: 1px solid rgba(20, 27, 43, 0.1);\n      border-radius: 6px;\n      background: #fff;\n      overflow: hidden;\n      box-shadow: 0 2px 4px rgba(0,0,0,0.02);\n    }\n    .massaggi-table td {\n      display: flex;\n      justify-content: space-between;\n      align-items: center;\n      padding: 8px 12px;\n      border-bottom: 1px solid #f9f9f9;\n    }\n    .massaggi-table td:first-child {\n      background-color: rgba(20, 27, 43, 0.05);\n      color: #141B2B;\n      font-weight: bold;\n      justify-content: center;\n      text-align: center;\n      font-size: 0.85rem;\n      padding: 10px;\n    }\n    .massaggi-table td:not(:first-child)::before {\n      content: attr(data-label);\n      font-weight: 700;\n      color: #888;\n      text-transform: uppercase;\n      font-size: 0.65rem;\n      flex: 1;\n      text-align: left;\n    }\n    .massaggi-table td:last-child {\n      border-bottom: none;\n    }\n  }\n<\/style>\n\n<div class=\"section-massaggi\">\n  <h2>MASSAGEN &#038; WELLNESS-RITUALE<\/h2>\n  <p>Eine sensorische Reise zwischen antiken und modernen Techniken, um den K\u00f6rper zu regenerieren und den Geist zu entspannen.<\/p>\n  \n  <div class=\"table-container-massaggi\">\n    <table class=\"massaggi-table\">\n      <thead>\n        <tr>\n          <th>Massage<\/th>\n          <th>Beschreibung<\/th>\n          <th>Dauer<\/th>\n          <th>Preis<\/th>\n        <\/tr>\n      <\/thead>\n      <tbody>\n        <tr>\n          <td data-label=\"Massage\"><strong>BIO-ALOE<\/strong><\/td>\n          <td data-label=\"Beschreibung\">Beruhigend und regenerierend f\u00fcr Haut und Seele<\/td>\n          <td data-label=\"Dauer\">50 Min.<\/td>\n          <td data-label=\"Preis\"><strong>\u20ac 70,00<\/strong><\/td>\n        <\/tr>\n        <tr>\n          <td data-label=\"Massage\"><strong>ANTISTRESS<\/strong><\/td>\n          <td data-label=\"Beschreibung\">Energetisches Gleichgewicht der Meridiane<\/td>\n          <td data-label=\"Dauer\">50 Min.<\/td>\n          <td data-label=\"Preis\"><strong>\u20ac 60,00<\/strong><\/td>\n        <\/tr>\n        <tr>\n          <td data-label=\"Massage\"><strong>REFLEXZONENMASSAGE<\/strong><\/td>\n          <td data-label=\"Beschreibung\">Fu\u00dfreflexzonen f\u00fcr freien Energiefluss<\/td>\n          <td data-label=\"Dauer\">30 Min.<\/td>\n          <td data-label=\"Preis\"><strong>\u20ac 45,00<\/strong><\/td>\n        <\/tr>\n        <tr>\n          <td data-label=\"Massage\"><strong>SENSORIAL<\/strong><\/td>\n          <td data-label=\"Beschreibung\">\u00c4therische \u00d6le und olfaktorische Synergien<\/td>\n          <td data-label=\"Dauer\">40 Min.<\/td>\n          <td data-label=\"Preis\"><strong>\u20ac 50,00<\/strong><\/td>\n        <\/tr>\n        <tr>\n          <td data-label=\"Massage\"><strong>CANDLE MASSAGE<\/strong><\/td>\n          <td data-label=\"Beschreibung\">Warme, balsamische und pflegende Butter<\/td>\n          <td data-label=\"Dauer\">50 Min.<\/td>\n          <td data-label=\"Preis\"><strong>\u20ac 70,00<\/strong><\/td>\n        <\/tr>\n        <tr>\n          <td data-label=\"Massage\"><strong>LYMPHDRAINAGE TOTAL<\/strong><\/td>\n          <td data-label=\"Beschreibung\">Vodder-Methode gegen \u00d6deme, f\u00f6rdert die Lymphe<\/td>\n          <td data-label=\"Dauer\">55 Min.<\/td>\n          <td data-label=\"Preis\"><strong>\u20ac 70,00<\/strong><\/td>\n        <\/tr>\n        <tr>\n          <td data-label=\"Massage\"><strong>LYMPHDRAINAGE TEIL<\/strong><\/td>\n          <td data-label=\"Beschreibung\">Gezielte Vodder-Methode f\u00fcr spezifische Zonen<\/td>\n          <td data-label=\"Dauer\">30 Min.<\/td>\n          <td data-label=\"Preis\"><strong>\u20ac 45,00<\/strong><\/td>\n        <\/tr>\n        <tr>\n          <td data-label=\"Massage\"><strong>BINDEGEWEBE R\u00dcCKEN<\/strong><\/td>\n          <td data-label=\"Beschreibung\">Tiefenwirkung und Lockerung von Verspannungen<\/td>\n          <td data-label=\"Dauer\">30 Min.<\/td>\n          <td data-label=\"Preis\"><strong>\u20ac 45,00<\/strong><\/td>\n        <\/tr>\n        <tr>\n          <td data-label=\"Massage\"><strong>KOPFHAUT-MASSAGE<\/strong><\/td>\n          <td data-label=\"Beschreibung\">Sauerstoffversorgung des Gewebes und Zirkulation<\/td>\n          <td data-label=\"Dauer\">25 Min.<\/td>\n          <td data-label=\"Preis\"><strong>\u20ac 40,00<\/strong><\/td>\n        <\/tr>\n        <tr>\n          <td data-label=\"Massage\"><strong>DURCHBLUTUNGSMASSAGE<\/strong><\/td>\n          <td data-label=\"Beschreibung\">Teilstimulation f\u00fcr Beine oder R\u00fccken<\/td>\n          <td data-label=\"Dauer\">25 Min.<\/td>\n          <td data-label=\"Preis\"><strong>\u20ac 40,00<\/strong><\/td>\n        <\/tr>\n        <tr>\n          <td data-label=\"Massage\"><strong>KALIFORNISCHE MASSAGE<\/strong><\/td>\n          <td data-label=\"Beschreibung\">Sanfte und umh\u00fcllende Bewegungen<\/td>\n          <td data-label=\"Dauer\">50 Min.<\/td>\n          <td data-label=\"Preis\"><strong>\u20ac 70,00<\/strong><\/td>\n        <\/tr>\n        <tr>\n          <td data-label=\"Massage\"><strong>MANUAL LIFTING<\/strong><\/td>\n          <td data-label=\"Beschreibung\">Manuelle Straffung und Tonisierung des Gesichts<\/td>\n          <td data-label=\"Dauer\">20 Min.<\/td>\n          <td data-label=\"Preis\"><strong>\u20ac 40,00<\/strong><\/td>\n        <\/tr>\n        <tr>\n          <td data-label=\"Massage\"><strong>INDIVIDUELL<\/strong><\/td>\n          <td data-label=\"Beschreibung\">Ma\u00dfgeschneidert auf Ihre spezifischen Verspannungen<\/td>\n          <td data-label=\"Dauer\">50 Min.<\/td>\n          <td data-label=\"Preis\"><strong>\u20ac 80,00<\/strong><\/td>\n        <\/tr>\n        <tr>\n          <td data-label=\"Massage\"><strong>AYURVEDA<\/strong><\/td>\n          <td data-label=\"Beschreibung\">Warme \u00d6le: Detox und ganzheitliche Vitalisierung<\/td>\n          <td data-label=\"Dauer\">50 Min.<\/td>\n          <td data-label=\"Preis\"><strong>\u20ac 65,00<\/strong><\/td>\n        <\/tr>\n      <\/tbody>\n    <\/table>\n  <\/div>\n<\/div>\t\t\t\t\t\t\t\t<\/div>\n\t\t\t\t\t<\/div>\n\t\t\t\t<\/div>\n\t\t<div class=\"elementor-element elementor-element-d6dacd2 e-flex e-con-boxed e-con e-parent\" data-id=\"d6dacd2\" data-element_type=\"container\" data-e-type=\"container\">\n\t\t\t\t\t<div class=\"e-con-inner\">\n\t\t\t\t<div class=\"elementor-element elementor-element-4399714 elementor-grid-4 elementor-grid-tablet-2 elementor-grid-mobile-1 elementor-widget elementor-widget-portfolio\" data-id=\"4399714\" data-element_type=\"widget\" data-e-type=\"widget\" data-settings=\"{&quot;columns&quot;:&quot;4&quot;,&quot;columns_tablet&quot;:&quot;2&quot;,&quot;columns_mobile&quot;:&quot;1&quot;,&quot;item_ratio&quot;:{&quot;unit&quot;:&quot;px&quot;,&quot;size&quot;:0.66,&quot;sizes&quot;:[]},&quot;item_gap&quot;:{&quot;unit&quot;:&quot;px&quot;,&quot;size&quot;:&quot;&quot;,&quot;sizes&quot;:[]},&quot;row_gap&quot;:{&quot;unit&quot;:&quot;px&quot;,&quot;size&quot;:&quot;&quot;,&quot;sizes&quot;:[]}}\" data-widget_type=\"portfolio.default\">\n\t\t\t\t<div class=\"elementor-widget-container\">\n\t\t\t\t\t\t\t<div class=\"elementor-portfolio elementor-grid elementor-posts-container\" role=\"list\">\n\t\t\t\t<article class=\"elementor-portfolio-item elementor-post  post-2630 page type-page status-publish has-post-thumbnail hentry\" role=\"listitem\">\n\t\t\t<a class=\"elementor-post__thumbnail__link\" href=\"https:\/\/grifohotel.it\/de\/anwendungen\/\">\n\t\t\t\t<div class=\"elementor-portfolio-item__img elementor-post__thumbnail\">\n\t\t\t<img fetchpriority=\"high\" decoding=\"async\" width=\"300\" height=\"169\" src=\"https:\/\/grifohotel.it\/wp-content\/uploads\/2026\/01\/benessereGrifo3-300x169.jpg\" class=\"attachment-medium size-medium wp-image-2631\" alt=\"\" srcset=\"https:\/\/grifohotel.it\/wp-content\/uploads\/2026\/01\/benessereGrifo3-300x169.jpg 300w, https:\/\/grifohotel.it\/wp-content\/uploads\/2026\/01\/benessereGrifo3-1024x576.jpg 1024w, https:\/\/grifohotel.it\/wp-content\/uploads\/2026\/01\/benessereGrifo3-768x432.jpg 768w, https:\/\/grifohotel.it\/wp-content\/uploads\/2026\/01\/benessereGrifo3-1536x864.jpg 1536w, https:\/\/grifohotel.it\/wp-content\/uploads\/2026\/01\/benessereGrifo3.jpg 1600w\" sizes=\"(max-width: 300px) 100vw, 300px\" \/>\t\t<\/div>\n\t\t\t\t<div class=\"elementor-portfolio-item__overlay\">\n\t\t\t\t<h3 class=\"elementor-portfolio-item__title\">\n\t\tGanzheitliches Wohlbefinden\t\t<\/h3>\n\t\t\t\t<\/div>\n\t\t\t\t<\/a>\n\t\t<\/article>\n\t\t\t\t<article class=\"elementor-portfolio-item elementor-post  post-2634 page type-page status-publish has-post-thumbnail hentry\" role=\"listitem\">\n\t\t\t<a class=\"elementor-post__thumbnail__link\" href=\"https:\/\/grifohotel.it\/de\/pakete\/\">\n\t\t\t\t<div class=\"elementor-portfolio-item__img elementor-post__thumbnail\">\n\t\t\t<img decoding=\"async\" width=\"300\" height=\"200\" src=\"https:\/\/grifohotel.it\/wp-content\/uploads\/2026\/01\/benessereGrifo2-300x200.jpg\" class=\"attachment-medium size-medium wp-image-2635\" alt=\"\" srcset=\"https:\/\/grifohotel.it\/wp-content\/uploads\/2026\/01\/benessereGrifo2-300x200.jpg 300w, https:\/\/grifohotel.it\/wp-content\/uploads\/2026\/01\/benessereGrifo2.jpg 600w\" sizes=\"(max-width: 300px) 100vw, 300px\" \/>\t\t<\/div>\n\t\t\t\t<div class=\"elementor-portfolio-item__overlay\">\n\t\t\t\t<h3 class=\"elementor-portfolio-item__title\">\n\t\tWellness Pakete\t\t<\/h3>\n\t\t\t\t<\/div>\n\t\t\t\t<\/a>\n\t\t<\/article>\n\t\t\t\t<article class=\"elementor-portfolio-item elementor-post  post-2639 page type-page status-publish has-post-thumbnail hentry\" role=\"listitem\">\n\t\t\t<a class=\"elementor-post__thumbnail__link\" href=\"https:\/\/grifohotel.it\/de\/wellness-centre-ischia-hotel-spa\/\">\n\t\t\t\t<div class=\"elementor-portfolio-item__img elementor-post__thumbnail\">\n\t\t\t<img decoding=\"async\" width=\"300\" height=\"200\" src=\"https:\/\/grifohotel.it\/wp-content\/uploads\/2026\/01\/Spa4-300x200.jpg\" class=\"attachment-medium size-medium wp-image-2641\" alt=\"\" srcset=\"https:\/\/grifohotel.it\/wp-content\/uploads\/2026\/01\/Spa4-300x200.jpg 300w, https:\/\/grifohotel.it\/wp-content\/uploads\/2026\/01\/Spa4-1024x683.jpg 1024w, https:\/\/grifohotel.it\/wp-content\/uploads\/2026\/01\/Spa4-768x512.jpg 768w, https:\/\/grifohotel.it\/wp-content\/uploads\/2026\/01\/Spa4.jpg 1348w\" sizes=\"(max-width: 300px) 100vw, 300px\" \/>\t\t<\/div>\n\t\t\t\t<div class=\"elementor-portfolio-item__overlay\">\n\t\t\t\t<h3 class=\"elementor-portfolio-item__title\">\n\t\tTherme &#038; Spa\t\t<\/h3>\n\t\t\t\t<\/div>\n\t\t\t\t<\/a>\n\t\t<\/article>\n\t\t\t\t<article class=\"elementor-portfolio-item elementor-post  post-2662 page type-page status-publish has-post-thumbnail hentry\" role=\"listitem\">\n\t\t\t<a class=\"elementor-post__thumbnail__link\" href=\"https:\/\/grifohotel.it\/de\/beauty-farm\/\">\n\t\t\t\t<div class=\"elementor-portfolio-item__img elementor-post__thumbnail\">\n\t\t\t<img loading=\"lazy\" decoding=\"async\" width=\"300\" height=\"202\" src=\"https:\/\/grifohotel.it\/wp-content\/uploads\/2026\/01\/benessereGrifo4-300x202.jpg\" class=\"attachment-medium size-medium wp-image-2663\" alt=\"\" srcset=\"https:\/\/grifohotel.it\/wp-content\/uploads\/2026\/01\/benessereGrifo4-300x202.jpg 300w, https:\/\/grifohotel.it\/wp-content\/uploads\/2026\/01\/benessereGrifo4.jpg 640w\" sizes=\"(max-width: 300px) 100vw, 300px\" \/>\t\t<\/div>\n\t\t\t\t<div class=\"elementor-portfolio-item__overlay\">\n\t\t\t\t<h3 class=\"elementor-portfolio-item__title\">\n\t\tBeauty Farm\t\t<\/h3>\n\t\t\t\t<\/div>\n\t\t\t\t<\/a>\n\t\t<\/article>\n\t\t\t\t<\/div>\n\t\t\t\t\t\t<\/div>\n\t\t\t\t<\/div>\n\t\t\t\t\t<\/div>\n\t\t\t\t<\/div>\n\t\t\t\t<\/div>\n\t\t","protected":false},"excerpt":{"rendered":"<p>Benessere Olistico MASSAGEN &#038; WELLNESS-RITUALE Eine sensorische Reise zwischen antiken und modernen Techniken, um den K\u00f6rper zu regenerieren und den Geist zu entspannen. Massage Beschreibung Dauer Preis BIO-ALOE Beruhigend und regenerierend f\u00fcr Haut und Seele 50 Min. \u20ac 70,00 ANTISTRESS Energetisches Gleichgewicht der Meridiane 50 Min. \u20ac 60,00 REFLEXZONENMASSAGE Fu\u00dfreflexzonen f\u00fcr freien Energiefluss 30 Min. [&hellip;]<\/p>\n","protected":false},"author":2,"featured_media":2631,"parent":0,"menu_order":0,"comment_status":"closed","ping_status":"closed","template":"","meta":{"footnotes":""},"categories":[],"tags":[],"class_list":["post-2630","page","type-page","status-publish","has-post-thumbnail","hentry"],"yoast_head":"<!-- This site is optimized with the Yoast SEO plugin v26.9 - https:\/\/yoast.com\/product\/yoast-seo-wordpress\/ -->\n<title>Sch\u00f6nheitsbehandlungen und Massagen - Grifo Hotel<\/title>\n<meta name=\"description\" content=\"Eine gro\u00dfe Auswahl an entspannenden und therapeutischen Massagen und Sch\u00f6nheitsbehandlungen. Lassen Sie sich von den erfahrenen H\u00e4nden unserer Mitarbeiter verw\u00f6hnen.\" \/>\n<meta name=\"robots\" content=\"index, follow, max-snippet:-1, max-image-preview:large, max-video-preview:-1\" \/>\n<link rel=\"canonical\" href=\"https:\/\/grifohotel.it\/trattamenti-bellezza-massaggi\/\" \/>\n<meta property=\"og:locale\" content=\"de_DE\" \/>\n<meta property=\"og:type\" content=\"article\" \/>\n<meta property=\"og:title\" content=\"Sch\u00f6nheitsbehandlungen und Massagen - Grifo Hotel\" \/>\n<meta property=\"og:description\" content=\"Eine gro\u00dfe Auswahl an entspannenden und therapeutischen Massagen und Sch\u00f6nheitsbehandlungen. Lassen Sie sich von den erfahrenen H\u00e4nden unserer Mitarbeiter verw\u00f6hnen.\" \/>\n<meta property=\"og:url\" content=\"https:\/\/grifohotel.it\/trattamenti-bellezza-massaggi\/\" \/>\n<meta property=\"og:site_name\" content=\"Grifo Hotel\" \/>\n<meta property=\"article:modified_time\" content=\"2026-02-23T11:47:18+00:00\" \/>\n<meta property=\"og:image\" content=\"https:\/\/grifohotel.it\/wp-content\/uploads\/2026\/01\/benessereGrifo3.jpg\" \/>\n\t<meta property=\"og:image:width\" content=\"1600\" \/>\n\t<meta property=\"og:image:height\" content=\"900\" \/>\n\t<meta property=\"og:image:type\" content=\"image\/jpeg\" \/>\n<meta name=\"twitter:card\" content=\"summary_large_image\" \/>\n<meta name=\"twitter:label1\" content=\"Gesch\u00e4tzte Lesezeit\" \/>\n\t<meta name=\"twitter:data1\" content=\"1\u00a0Minute\" \/>\n<script type=\"application\/ld+json\" class=\"yoast-schema-graph\">{\"@context\":\"https:\/\/schema.org\",\"@graph\":[{\"@type\":\"WebPage\",\"@id\":\"https:\/\/grifohotel.it\/trattamenti-bellezza-massaggi\/\",\"url\":\"https:\/\/grifohotel.it\/trattamenti-bellezza-massaggi\/\",\"name\":\"Sch\u00f6nheitsbehandlungen und Massagen - Grifo Hotel\",\"isPartOf\":{\"@id\":\"https:\/\/grifohotel.it\/#website\"},\"primaryImageOfPage\":{\"@id\":\"https:\/\/grifohotel.it\/trattamenti-bellezza-massaggi\/#primaryimage\"},\"image\":{\"@id\":\"https:\/\/grifohotel.it\/trattamenti-bellezza-massaggi\/#primaryimage\"},\"thumbnailUrl\":\"https:\/\/grifohotel.it\/wp-content\/uploads\/2026\/01\/benessereGrifo3.jpg\",\"datePublished\":\"2026-01-28T10:46:58+00:00\",\"dateModified\":\"2026-02-23T11:47:18+00:00\",\"description\":\"Eine gro\u00dfe Auswahl an entspannenden und therapeutischen Massagen und Sch\u00f6nheitsbehandlungen. Lassen Sie sich von den erfahrenen H\u00e4nden unserer Mitarbeiter verw\u00f6hnen.\",\"breadcrumb\":{\"@id\":\"https:\/\/grifohotel.it\/trattamenti-bellezza-massaggi\/#breadcrumb\"},\"inLanguage\":\"de\",\"potentialAction\":[{\"@type\":\"ReadAction\",\"target\":[\"https:\/\/grifohotel.it\/trattamenti-bellezza-massaggi\/\"]}]},{\"@type\":\"ImageObject\",\"inLanguage\":\"de\",\"@id\":\"https:\/\/grifohotel.it\/trattamenti-bellezza-massaggi\/#primaryimage\",\"url\":\"https:\/\/grifohotel.it\/wp-content\/uploads\/2026\/01\/benessereGrifo3.jpg\",\"contentUrl\":\"https:\/\/grifohotel.it\/wp-content\/uploads\/2026\/01\/benessereGrifo3.jpg\",\"width\":1600,\"height\":900},{\"@type\":\"BreadcrumbList\",\"@id\":\"https:\/\/grifohotel.it\/trattamenti-bellezza-massaggi\/#breadcrumb\",\"itemListElement\":[{\"@type\":\"ListItem\",\"position\":1,\"name\":\"Home\",\"item\":\"https:\/\/grifohotel.it\/en\/\"},{\"@type\":\"ListItem\",\"position\":2,\"name\":\"Ganzheitliches Wohlbefinden\"}]},{\"@type\":\"WebSite\",\"@id\":\"https:\/\/grifohotel.it\/#website\",\"url\":\"https:\/\/grifohotel.it\/\",\"name\":\"Grifo Hotel\",\"description\":\"Hotel 4 Stelle Ischia Terme &amp; Spa\",\"publisher\":{\"@id\":\"https:\/\/grifohotel.it\/#organization\"},\"potentialAction\":[{\"@type\":\"SearchAction\",\"target\":{\"@type\":\"EntryPoint\",\"urlTemplate\":\"https:\/\/grifohotel.it\/?s={search_term_string}\"},\"query-input\":{\"@type\":\"PropertyValueSpecification\",\"valueRequired\":true,\"valueName\":\"search_term_string\"}}],\"inLanguage\":\"de\"},{\"@type\":\"Organization\",\"@id\":\"https:\/\/grifohotel.it\/#organization\",\"name\":\"Grifo Hotel\",\"url\":\"https:\/\/grifohotel.it\/\",\"logo\":{\"@type\":\"ImageObject\",\"inLanguage\":\"de\",\"@id\":\"https:\/\/grifohotel.it\/#\/schema\/logo\/image\/\",\"url\":\"https:\/\/grifohotel.it\/wp-content\/uploads\/2026\/01\/logo.png\",\"contentUrl\":\"https:\/\/grifohotel.it\/wp-content\/uploads\/2026\/01\/logo.png\",\"width\":464,\"height\":104,\"caption\":\"Grifo Hotel\"},\"image\":{\"@id\":\"https:\/\/grifohotel.it\/#\/schema\/logo\/image\/\"}}]}<\/script>\n<!-- \/ Yoast SEO plugin. -->","yoast_head_json":{"title":"Sch\u00f6nheitsbehandlungen und Massagen - Grifo Hotel","description":"Eine gro\u00dfe Auswahl an entspannenden und therapeutischen Massagen und Sch\u00f6nheitsbehandlungen. Lassen Sie sich von den erfahrenen H\u00e4nden unserer Mitarbeiter verw\u00f6hnen.","robots":{"index":"index","follow":"follow","max-snippet":"max-snippet:-1","max-image-preview":"max-image-preview:large","max-video-preview":"max-video-preview:-1"},"canonical":"https:\/\/grifohotel.it\/trattamenti-bellezza-massaggi\/","og_locale":"de_DE","og_type":"article","og_title":"Sch\u00f6nheitsbehandlungen und Massagen - Grifo Hotel","og_description":"Eine gro\u00dfe Auswahl an entspannenden und therapeutischen Massagen und Sch\u00f6nheitsbehandlungen. Lassen Sie sich von den erfahrenen H\u00e4nden unserer Mitarbeiter verw\u00f6hnen.","og_url":"https:\/\/grifohotel.it\/trattamenti-bellezza-massaggi\/","og_site_name":"Grifo Hotel","article_modified_time":"2026-02-23T11:47:18+00:00","og_image":[{"width":1600,"height":900,"url":"https:\/\/grifohotel.it\/wp-content\/uploads\/2026\/01\/benessereGrifo3.jpg","type":"image\/jpeg"}],"twitter_card":"summary_large_image","twitter_misc":{"Gesch\u00e4tzte Lesezeit":"1\u00a0Minute"},"schema":{"@context":"https:\/\/schema.org","@graph":[{"@type":"WebPage","@id":"https:\/\/grifohotel.it\/trattamenti-bellezza-massaggi\/","url":"https:\/\/grifohotel.it\/trattamenti-bellezza-massaggi\/","name":"Sch\u00f6nheitsbehandlungen und Massagen - Grifo Hotel","isPartOf":{"@id":"https:\/\/grifohotel.it\/#website"},"primaryImageOfPage":{"@id":"https:\/\/grifohotel.it\/trattamenti-bellezza-massaggi\/#primaryimage"},"image":{"@id":"https:\/\/grifohotel.it\/trattamenti-bellezza-massaggi\/#primaryimage"},"thumbnailUrl":"https:\/\/grifohotel.it\/wp-content\/uploads\/2026\/01\/benessereGrifo3.jpg","datePublished":"2026-01-28T10:46:58+00:00","dateModified":"2026-02-23T11:47:18+00:00","description":"Eine gro\u00dfe Auswahl an entspannenden und therapeutischen Massagen und Sch\u00f6nheitsbehandlungen. Lassen Sie sich von den erfahrenen H\u00e4nden unserer Mitarbeiter verw\u00f6hnen.","breadcrumb":{"@id":"https:\/\/grifohotel.it\/trattamenti-bellezza-massaggi\/#breadcrumb"},"inLanguage":"de","potentialAction":[{"@type":"ReadAction","target":["https:\/\/grifohotel.it\/trattamenti-bellezza-massaggi\/"]}]},{"@type":"ImageObject","inLanguage":"de","@id":"https:\/\/grifohotel.it\/trattamenti-bellezza-massaggi\/#primaryimage","url":"https:\/\/grifohotel.it\/wp-content\/uploads\/2026\/01\/benessereGrifo3.jpg","contentUrl":"https:\/\/grifohotel.it\/wp-content\/uploads\/2026\/01\/benessereGrifo3.jpg","width":1600,"height":900},{"@type":"BreadcrumbList","@id":"https:\/\/grifohotel.it\/trattamenti-bellezza-massaggi\/#breadcrumb","itemListElement":[{"@type":"ListItem","position":1,"name":"Home","item":"https:\/\/grifohotel.it\/en\/"},{"@type":"ListItem","position":2,"name":"Ganzheitliches Wohlbefinden"}]},{"@type":"WebSite","@id":"https:\/\/grifohotel.it\/#website","url":"https:\/\/grifohotel.it\/","name":"Grifo Hotel","description":"Hotel 4 Stelle Ischia Terme &amp; Spa","publisher":{"@id":"https:\/\/grifohotel.it\/#organization"},"potentialAction":[{"@type":"SearchAction","target":{"@type":"EntryPoint","urlTemplate":"https:\/\/grifohotel.it\/?s={search_term_string}"},"query-input":{"@type":"PropertyValueSpecification","valueRequired":true,"valueName":"search_term_string"}}],"inLanguage":"de"},{"@type":"Organization","@id":"https:\/\/grifohotel.it\/#organization","name":"Grifo Hotel","url":"https:\/\/grifohotel.it\/","logo":{"@type":"ImageObject","inLanguage":"de","@id":"https:\/\/grifohotel.it\/#\/schema\/logo\/image\/","url":"https:\/\/grifohotel.it\/wp-content\/uploads\/2026\/01\/logo.png","contentUrl":"https:\/\/grifohotel.it\/wp-content\/uploads\/2026\/01\/logo.png","width":464,"height":104,"caption":"Grifo Hotel"},"image":{"@id":"https:\/\/grifohotel.it\/#\/schema\/logo\/image\/"}}]}},"_links":{"self":[{"href":"https:\/\/grifohotel.it\/de\/wp-json\/wp\/v2\/pages\/2630","targetHints":{"allow":["GET"]}}],"collection":[{"href":"https:\/\/grifohotel.it\/de\/wp-json\/wp\/v2\/pages"}],"about":[{"href":"https:\/\/grifohotel.it\/de\/wp-json\/wp\/v2\/types\/page"}],"author":[{"embeddable":true,"href":"https:\/\/grifohotel.it\/de\/wp-json\/wp\/v2\/users\/2"}],"replies":[{"embeddable":true,"href":"https:\/\/grifohotel.it\/de\/wp-json\/wp\/v2\/comments?post=2630"}],"version-history":[{"count":5,"href":"https:\/\/grifohotel.it\/de\/wp-json\/wp\/v2\/pages\/2630\/revisions"}],"predecessor-version":[{"id":3317,"href":"https:\/\/grifohotel.it\/de\/wp-json\/wp\/v2\/pages\/2630\/revisions\/3317"}],"wp:featuredmedia":[{"embeddable":true,"href":"https:\/\/grifohotel.it\/de\/wp-json\/wp\/v2\/media\/2631"}],"wp:attachment":[{"href":"https:\/\/grifohotel.it\/de\/wp-json\/wp\/v2\/media?parent=2630"}],"wp:term":[{"taxonomy":"category","embeddable":true,"href":"https:\/\/grifohotel.it\/de\/wp-json\/wp\/v2\/categories?post=2630"},{"taxonomy":"post_tag","embeddable":true,"href":"https:\/\/grifohotel.it\/de\/wp-json\/wp\/v2\/tags?post=2630"}],"curies":[{"name":"wp","href":"https:\/\/api.w.org\/{rel}","templated":true}]}}